{"id":927,"date":"2025-06-26T06:32:54","date_gmt":"2025-06-26T06:32:54","guid":{"rendered":"https:\/\/62.84.247.78\/~concrefy\/?page_id=927"},"modified":"2026-02-16T09:37:43","modified_gmt":"2026-02-16T08:37:43","slug":"concrefy-ihr-experte-in-betontechnologie","status":"publish","type":"page","link":"https:\/\/concrefy.com\/de\/concrefy-your-experts-in-concrete-technology\/","title":{"rendered":"Das Unternehmen"},"content":{"rendered":"<div data-elementor-type=\"wp-page\" data-elementor-id=\"927\" class=\"elementor elementor-927\" data-elementor-post-type=\"page\">\n\t\t\t\t<div class=\"elementor-element elementor-element-f33a9dc e-flex e-con-boxed e-con e-parent\" data-id=\"f33a9dc\" data-element_type=\"container\" data-e-type=\"container\" data-settings=\"{&quot;background_background&quot;:&quot;classic&quot;}\">\n\t\t\t\t\t<div class=\"e-con-inner\">\n\t\t\t\t<div class=\"elementor-element elementor-element-598fd70 elementor-widget elementor-widget-heading\" data-id=\"598fd70\" data-element_type=\"widget\" data-e-type=\"widget\" data-widget_type=\"heading.default\">\n\t\t\t\t<div class=\"elementor-widget-container\">\n\t\t\t\t\t<h1 class=\"elementor-heading-title elementor-size-default\">Das Unternehmen<\/h1>\t\t\t\t<\/div>\n\t\t\t\t<\/div>\n\t\t\t\t\t<\/div>\n\t\t\t\t<\/div>\n\t\t<div class=\"elementor-element elementor-element-45c33fb e-con-full e-flex e-con e-parent\" data-id=\"45c33fb\" data-element_type=\"container\" data-e-type=\"container\">\n\t\t\t\t<div class=\"elementor-element elementor-element-678a986 elementor-widget-mobile__width-initial elementor-widget elementor-widget-heading\" data-id=\"678a986\" data-element_type=\"widget\" data-e-type=\"widget\" data-widget_type=\"heading.default\">\n\t\t\t\t<div class=\"elementor-widget-container\">\n\t\t\t\t\t<h1 class=\"elementor-heading-title elementor-size-default\">Erfahren Sie mehr \u00fcber Concrefy <\/h1>\t\t\t\t<\/div>\n\t\t\t\t<\/div>\n\t\t\t\t<\/div>\n\t\t<div class=\"elementor-element elementor-element-5ab9251 e-flex e-con-boxed e-con e-parent\" data-id=\"5ab9251\" data-element_type=\"container\" data-e-type=\"container\">\n\t\t\t\t\t<div class=\"e-con-inner\">\n\t\t\t\t<div class=\"elementor-element elementor-element-bbe91f3 elementor-widget__width-initial elementor-position-top elementor-widget elementor-widget-image-box\" data-id=\"bbe91f3\" data-element_type=\"widget\" data-e-type=\"widget\" data-widget_type=\"image-box.default\">\n\t\t\t\t<div class=\"elementor-widget-container\">\n\t\t\t\t\t<div class=\"elementor-image-box-wrapper\"><figure class=\"elementor-image-box-img\"><a href=\"https:\/\/concrefy.com\/de\/about-us\/\" target=\"_blank\" tabindex=\"-1\"><img fetchpriority=\"high\" decoding=\"async\" width=\"800\" height=\"308\" src=\"https:\/\/concrefy.com\/wp-content\/uploads\/2026\/02\/concrefy-pand-1024x394.jpg\" class=\"attachment-large size-large wp-image-7585\" alt=\"\" srcset=\"https:\/\/concrefy.com\/wp-content\/uploads\/2026\/02\/concrefy-pand-1024x394.jpg 1024w, https:\/\/concrefy.com\/wp-content\/uploads\/2026\/02\/concrefy-pand-300x116.jpg 300w, https:\/\/concrefy.com\/wp-content\/uploads\/2026\/02\/concrefy-pand-768x296.jpg 768w, https:\/\/concrefy.com\/wp-content\/uploads\/2026\/02\/concrefy-pand-1536x592.jpg 1536w, https:\/\/concrefy.com\/wp-content\/uploads\/2026\/02\/concrefy-pand-2048x789.jpg 2048w, https:\/\/concrefy.com\/wp-content\/uploads\/2026\/02\/concrefy-pand-18x7.jpg 18w\" sizes=\"(max-width: 800px) 100vw, 800px\" \/><\/a><\/figure><div class=\"elementor-image-box-content\"><h3 class=\"elementor-image-box-title\"><a href=\"https:\/\/concrefy.com\/de\/about-us\/\" target=\"_blank\">\u00dcber uns<\/a><\/h3><p class=\"elementor-image-box-description\">Erfahren Sie mehr \u00fcber Concrefy, unsere Expertise in der Betontechnologie und unsere Rolle als unabh\u00e4ngiges Labor und Beratungspartner.<\/p><\/div><\/div>\t\t\t\t<\/div>\n\t\t\t\t<\/div>\n\t\t\t\t<div class=\"elementor-element elementor-element-e60a7af elementor-widget__width-initial elementor-position-top elementor-widget elementor-widget-image-box\" data-id=\"e60a7af\" data-element_type=\"widget\" data-e-type=\"widget\" data-widget_type=\"image-box.default\">\n\t\t\t\t<div class=\"elementor-widget-container\">\n\t\t\t\t\t<div class=\"elementor-image-box-wrapper\"><figure class=\"elementor-image-box-img\"><a href=\"https:\/\/concrefy.com\/de\/career\/\" target=\"_blank\" tabindex=\"-1\"><img decoding=\"async\" width=\"709\" height=\"235\" src=\"https:\/\/concrefy.com\/wp-content\/uploads\/2026\/02\/we-journey-smal-kopie.png\" class=\"attachment-full size-full wp-image-7586\" alt=\"\" srcset=\"https:\/\/concrefy.com\/wp-content\/uploads\/2026\/02\/we-journey-smal-kopie.png 709w, https:\/\/concrefy.com\/wp-content\/uploads\/2026\/02\/we-journey-smal-kopie-300x99.png 300w, https:\/\/concrefy.com\/wp-content\/uploads\/2026\/02\/we-journey-smal-kopie-18x6.png 18w\" sizes=\"(max-width: 709px) 100vw, 709px\" \/><\/a><\/figure><div class=\"elementor-image-box-content\"><h3 class=\"elementor-image-box-title\"><a href=\"https:\/\/concrefy.com\/de\/career\/\" target=\"_blank\">Carrers<\/a><\/h3><p class=\"elementor-image-box-description\">Bei Concrefy arbeiten wir in einem unabh\u00e4ngigen Labor- und Beratungsumfeld, das sich auf die Betontechnologie konzentriert. Wir legen Wert auf technische Kompetenz, Genauigkeit und Verantwortung.<\/p><\/div><\/div>\t\t\t\t<\/div>\n\t\t\t\t<\/div>\n\t\t\t\t\t<\/div>\n\t\t\t\t<\/div>\n\t\t\t\t<\/div>","protected":false},"excerpt":{"rendered":"<p>Concrefy ist ein unabh\u00e4ngiges Betonlabor und technisches Beratungsunternehmen mit \u00fcber 40 Jahren Erfahrung. Wir unterst\u00fctzen Betonprojekte auf der ganzen Welt mit fachkundigen Tests, Analysen und praktischer Beratung, die sich auf Qualit\u00e4t, Sicherheit und Haltbarkeit konzentrieren.<\/p>","protected":false},"author":5,"featured_media":5543,"parent":0,"menu_order":0,"comment_status":"closed","ping_status":"closed","template":"","meta":{"_acf_changed":false,"inline_featured_image":false,"iawp_total_views":42,"footnotes":""},"class_list":["post-927","page","type-page","status-publish","has-post-thumbnail","hentry","page_cat-header"],"acf":[],"yoast_head":"<!-- This site is optimized with the Yoast SEO plugin v27.5 - https:\/\/yoast.com\/product\/yoast-seo-wordpress\/ -->\n<title>About Concrefy | Independent Concrete Experts<\/title>\n<meta name=\"description\" content=\"ndependent laboratory testing and technical consultancy for concrete projects worldwide. Trusted expertise for quality and safety.\" \/>\n<meta name=\"robots\" content=\"index, follow, max-snippet:-1, max-image-preview:large, max-video-preview:-1\" \/>\n<link rel=\"canonical\" href=\"https:\/\/concrefy.com\/de\/concrefy-ihr-experte-in-betontechnologie\/\" \/>\n<meta property=\"og:locale\" content=\"de_DE\" \/>\n<meta property=\"og:type\" content=\"article\" \/>\n<meta property=\"og:title\" content=\"About Concrefy | Independent Concrete Experts\" \/>\n<meta property=\"og:description\" content=\"ndependent laboratory testing and technical consultancy for concrete projects worldwide. Trusted expertise for quality and safety.\" \/>\n<meta property=\"og:url\" content=\"https:\/\/concrefy.com\/de\/concrefy-ihr-experte-in-betontechnologie\/\" \/>\n<meta property=\"og:site_name\" content=\"Concrefy\" \/>\n<meta property=\"article:modified_time\" content=\"2026-02-16T08:37:43+00:00\" \/>\n<meta property=\"og:image\" content=\"https:\/\/concrefy.com\/wp-content\/uploads\/2025\/10\/arches-bruf70-1.png\" \/>\n\t<meta property=\"og:image:width\" content=\"1662\" \/>\n\t<meta property=\"og:image:height\" content=\"1247\" \/>\n\t<meta property=\"og:image:type\" content=\"image\/png\" \/>\n<meta name=\"twitter:card\" content=\"summary_large_image\" \/>\n<meta name=\"twitter:label1\" content=\"Gesch\u00e4tzte Lesezeit\" \/>\n\t<meta name=\"twitter:data1\" content=\"1\u00a0Minute\" \/>\n<script type=\"application\/ld+json\" class=\"yoast-schema-graph\">{\"@context\":\"https:\\\/\\\/schema.org\",\"@graph\":[{\"@type\":\"WebPage\",\"@id\":\"https:\\\/\\\/concrefy.com\\\/concrefy-your-experts-in-concrete-technology\\\/\",\"url\":\"https:\\\/\\\/concrefy.com\\\/concrefy-your-experts-in-concrete-technology\\\/\",\"name\":\"About Concrefy | Independent Concrete Experts\",\"isPartOf\":{\"@id\":\"https:\\\/\\\/concrefy.com\\\/#website\"},\"primaryImageOfPage\":{\"@id\":\"https:\\\/\\\/concrefy.com\\\/concrefy-your-experts-in-concrete-technology\\\/#primaryimage\"},\"image\":{\"@id\":\"https:\\\/\\\/concrefy.com\\\/concrefy-your-experts-in-concrete-technology\\\/#primaryimage\"},\"thumbnailUrl\":\"https:\\\/\\\/concrefy.com\\\/wp-content\\\/uploads\\\/2025\\\/10\\\/arches-bruf70-1.png\",\"datePublished\":\"2025-06-26T06:32:54+00:00\",\"dateModified\":\"2026-02-16T08:37:43+00:00\",\"description\":\"ndependent laboratory testing and technical consultancy for concrete projects worldwide. Trusted expertise for quality and safety.\",\"breadcrumb\":{\"@id\":\"https:\\\/\\\/concrefy.com\\\/concrefy-your-experts-in-concrete-technology\\\/#breadcrumb\"},\"inLanguage\":\"de\",\"potentialAction\":[{\"@type\":\"ReadAction\",\"target\":[\"https:\\\/\\\/concrefy.com\\\/concrefy-your-experts-in-concrete-technology\\\/\"]}]},{\"@type\":\"ImageObject\",\"inLanguage\":\"de\",\"@id\":\"https:\\\/\\\/concrefy.com\\\/concrefy-your-experts-in-concrete-technology\\\/#primaryimage\",\"url\":\"https:\\\/\\\/concrefy.com\\\/wp-content\\\/uploads\\\/2025\\\/10\\\/arches-bruf70-1.png\",\"contentUrl\":\"https:\\\/\\\/concrefy.com\\\/wp-content\\\/uploads\\\/2025\\\/10\\\/arches-bruf70-1.png\",\"width\":1662,\"height\":1247},{\"@type\":\"BreadcrumbList\",\"@id\":\"https:\\\/\\\/concrefy.com\\\/concrefy-your-experts-in-concrete-technology\\\/#breadcrumb\",\"itemListElement\":[{\"@type\":\"ListItem\",\"position\":1,\"name\":\"Home\",\"item\":\"https:\\\/\\\/concrefy.com\\\/\"},{\"@type\":\"ListItem\",\"position\":2,\"name\":\"Our Company\"}]},{\"@type\":\"WebSite\",\"@id\":\"https:\\\/\\\/concrefy.com\\\/#website\",\"url\":\"https:\\\/\\\/concrefy.com\\\/\",\"name\":\"Concrefy\",\"description\":\"Concrefy | fresh thinking for construction\",\"publisher\":{\"@id\":\"https:\\\/\\\/concrefy.com\\\/#organization\"},\"potentialAction\":[{\"@type\":\"SearchAction\",\"target\":{\"@type\":\"EntryPoint\",\"urlTemplate\":\"https:\\\/\\\/concrefy.com\\\/?s={search_term_string}\"},\"query-input\":{\"@type\":\"PropertyValueSpecification\",\"valueRequired\":true,\"valueName\":\"search_term_string\"}}],\"inLanguage\":\"de\"},{\"@type\":\"Organization\",\"@id\":\"https:\\\/\\\/concrefy.com\\\/#organization\",\"name\":\"Concrefy\",\"url\":\"https:\\\/\\\/concrefy.com\\\/\",\"logo\":{\"@type\":\"ImageObject\",\"inLanguage\":\"de\",\"@id\":\"https:\\\/\\\/concrefy.com\\\/#\\\/schema\\\/logo\\\/image\\\/\",\"url\":\"https:\\\/\\\/concrefy.com\\\/wp-content\\\/uploads\\\/2025\\\/07\\\/cropped-cropped-concrefy-logo-transparant-1.webp\",\"contentUrl\":\"https:\\\/\\\/concrefy.com\\\/wp-content\\\/uploads\\\/2025\\\/07\\\/cropped-cropped-concrefy-logo-transparant-1.webp\",\"width\":512,\"height\":512,\"caption\":\"Concrefy\"},\"image\":{\"@id\":\"https:\\\/\\\/concrefy.com\\\/#\\\/schema\\\/logo\\\/image\\\/\"},\"sameAs\":[\"https:\\\/\\\/www.linkedin.com\\\/company\\\/b-a-s-research-technology\\\/\"]}]}<\/script>\n<!-- \/ Yoast SEO plugin. -->","yoast_head_json":{"title":"\u00dcber Concrefy | Unabh\u00e4ngige Betonexperten","description":"nabh\u00e4ngige Laborpr\u00fcfungen und technische Beratung f\u00fcr Betonprojekte weltweit. Zuverl\u00e4ssiges Fachwissen f\u00fcr Qualit\u00e4t und Sicherheit.","robots":{"index":"index","follow":"follow","max-snippet":"max-snippet:-1","max-image-preview":"max-image-preview:large","max-video-preview":"max-video-preview:-1"},"canonical":"https:\/\/concrefy.com\/de\/concrefy-ihr-experte-in-betontechnologie\/","og_locale":"de_DE","og_type":"article","og_title":"About Concrefy | Independent Concrete Experts","og_description":"ndependent laboratory testing and technical consultancy for concrete projects worldwide. Trusted expertise for quality and safety.","og_url":"https:\/\/concrefy.com\/de\/concrefy-ihr-experte-in-betontechnologie\/","og_site_name":"Concrefy","article_modified_time":"2026-02-16T08:37:43+00:00","og_image":[{"width":1662,"height":1247,"url":"https:\/\/concrefy.com\/wp-content\/uploads\/2025\/10\/arches-bruf70-1.png","type":"image\/png"}],"twitter_card":"summary_large_image","twitter_misc":{"Gesch\u00e4tzte Lesezeit":"1\u00a0Minute"},"schema":{"@context":"https:\/\/schema.org","@graph":[{"@type":"WebPage","@id":"https:\/\/concrefy.com\/concrefy-your-experts-in-concrete-technology\/","url":"https:\/\/concrefy.com\/concrefy-your-experts-in-concrete-technology\/","name":"\u00dcber Concrefy | Unabh\u00e4ngige Betonexperten","isPartOf":{"@id":"https:\/\/concrefy.com\/#website"},"primaryImageOfPage":{"@id":"https:\/\/concrefy.com\/concrefy-your-experts-in-concrete-technology\/#primaryimage"},"image":{"@id":"https:\/\/concrefy.com\/concrefy-your-experts-in-concrete-technology\/#primaryimage"},"thumbnailUrl":"https:\/\/concrefy.com\/wp-content\/uploads\/2025\/10\/arches-bruf70-1.png","datePublished":"2025-06-26T06:32:54+00:00","dateModified":"2026-02-16T08:37:43+00:00","description":"nabh\u00e4ngige Laborpr\u00fcfungen und technische Beratung f\u00fcr Betonprojekte weltweit. Zuverl\u00e4ssiges Fachwissen f\u00fcr Qualit\u00e4t und Sicherheit.","breadcrumb":{"@id":"https:\/\/concrefy.com\/concrefy-your-experts-in-concrete-technology\/#breadcrumb"},"inLanguage":"de","potentialAction":[{"@type":"ReadAction","target":["https:\/\/concrefy.com\/concrefy-your-experts-in-concrete-technology\/"]}]},{"@type":"ImageObject","inLanguage":"de","@id":"https:\/\/concrefy.com\/concrefy-your-experts-in-concrete-technology\/#primaryimage","url":"https:\/\/concrefy.com\/wp-content\/uploads\/2025\/10\/arches-bruf70-1.png","contentUrl":"https:\/\/concrefy.com\/wp-content\/uploads\/2025\/10\/arches-bruf70-1.png","width":1662,"height":1247},{"@type":"BreadcrumbList","@id":"https:\/\/concrefy.com\/concrefy-your-experts-in-concrete-technology\/#breadcrumb","itemListElement":[{"@type":"ListItem","position":1,"name":"Home","item":"https:\/\/concrefy.com\/"},{"@type":"ListItem","position":2,"name":"Our Company"}]},{"@type":"WebSite","@id":"https:\/\/concrefy.com\/#website","url":"https:\/\/concrefy.com\/","name":"Concrefy","description":"Concrefy | fresh thinking for construction","publisher":{"@id":"https:\/\/concrefy.com\/#organization"},"potentialAction":[{"@type":"SearchAction","target":{"@type":"EntryPoint","urlTemplate":"https:\/\/concrefy.com\/?s={search_term_string}"},"query-input":{"@type":"PropertyValueSpecification","valueRequired":true,"valueName":"search_term_string"}}],"inLanguage":"de"},{"@type":"Organization","@id":"https:\/\/concrefy.com\/#organization","name":"Concrefy","url":"https:\/\/concrefy.com\/","logo":{"@type":"ImageObject","inLanguage":"de","@id":"https:\/\/concrefy.com\/#\/schema\/logo\/image\/","url":"https:\/\/concrefy.com\/wp-content\/uploads\/2025\/07\/cropped-cropped-concrefy-logo-transparant-1.webp","contentUrl":"https:\/\/concrefy.com\/wp-content\/uploads\/2025\/07\/cropped-cropped-concrefy-logo-transparant-1.webp","width":512,"height":512,"caption":"Concrefy"},"image":{"@id":"https:\/\/concrefy.com\/#\/schema\/logo\/image\/"},"sameAs":["https:\/\/www.linkedin.com\/company\/b-a-s-research-technology\/"]}]}},"_links":{"self":[{"href":"https:\/\/concrefy.com\/de\/wp-json\/wp\/v2\/pages\/927","targetHints":{"allow":["GET"]}}],"collection":[{"href":"https:\/\/concrefy.com\/de\/wp-json\/wp\/v2\/pages"}],"about":[{"href":"https:\/\/concrefy.com\/de\/wp-json\/wp\/v2\/types\/page"}],"author":[{"embeddable":true,"href":"https:\/\/concrefy.com\/de\/wp-json\/wp\/v2\/users\/5"}],"replies":[{"embeddable":true,"href":"https:\/\/concrefy.com\/de\/wp-json\/wp\/v2\/comments?post=927"}],"version-history":[{"count":160,"href":"https:\/\/concrefy.com\/de\/wp-json\/wp\/v2\/pages\/927\/revisions"}],"predecessor-version":[{"id":7633,"href":"https:\/\/concrefy.com\/de\/wp-json\/wp\/v2\/pages\/927\/revisions\/7633"}],"wp:featuredmedia":[{"embeddable":true,"href":"https:\/\/concrefy.com\/de\/wp-json\/wp\/v2\/media\/5543"}],"wp:attachment":[{"href":"https:\/\/concrefy.com\/de\/wp-json\/wp\/v2\/media?parent=927"}],"curies":[{"name":"wp","href":"https:\/\/api.w.org\/{rel}","templated":true}]}}