{"id":809,"date":"2025-06-24T10:35:15","date_gmt":"2025-06-24T10:35:15","guid":{"rendered":"https:\/\/62.84.247.78\/~concrefy\/?page_id=809"},"modified":"2026-03-24T15:12:31","modified_gmt":"2026-03-24T14:12:31","slug":"baustellenueberwachung","status":"publish","type":"page","link":"https:\/\/concrefy.com\/de\/services\/consultancy\/guidance-on-location\/","title":{"rendered":"Baustellen\u00fcberwachung"},"content":{"rendered":"<div data-elementor-type=\"wp-page\" data-elementor-id=\"809\" class=\"elementor elementor-809\" data-elementor-post-type=\"page\">\n\t\t\t\t<div class=\"elementor-element elementor-element-7617eafa pad-b-m e-flex e-con-boxed e-con e-parent\" data-id=\"7617eafa\" data-element_type=\"container\" data-e-type=\"container\">\n\t\t\t\t\t<div class=\"e-con-inner\">\n\t\t<div class=\"elementor-element elementor-element-78aab9c3 e-con-full e-flex e-con e-child\" data-id=\"78aab9c3\" data-element_type=\"container\" data-e-type=\"container\" data-settings=\"{&quot;background_background&quot;:&quot;classic&quot;}\">\n\t\t\t\t<div class=\"elementor-element elementor-element-6e6c25fa elementor-widget-mobile__width-initial elementor-widget elementor-widget-heading\" data-id=\"6e6c25fa\" data-element_type=\"widget\" data-e-type=\"widget\" data-widget_type=\"heading.default\">\n\t\t\t\t<div class=\"elementor-widget-container\">\n\t\t\t\t\t<h1 class=\"elementor-heading-title elementor-size-default\">Vor-Ort-Beratung<\/h1>\t\t\t\t<\/div>\n\t\t\t\t<\/div>\n\t\t\t\t<div class=\"elementor-element elementor-element-11a6af09 elementor-widget elementor-widget-text-editor\" data-id=\"11a6af09\" data-element_type=\"widget\" data-e-type=\"widget\" data-widget_type=\"text-editor.default\">\n\t\t\t\t<div class=\"elementor-widget-container\">\n\t\t\t\t\t\t\t\t\t<p>Vom Mischen bis zum Betonieren - kompetente Unterst\u00fctzung f\u00fcr Ihre Baustelle.<\/p>\t\t\t\t\t\t\t\t<\/div>\n\t\t\t\t<\/div>\n\t\t\t\t<\/div>\n\t\t<div class=\"elementor-element elementor-element-1ebe48f2 e-con-full e-flex e-con e-child\" data-id=\"1ebe48f2\" data-element_type=\"container\" data-e-type=\"container\" data-settings=\"{&quot;background_background&quot;:&quot;classic&quot;}\">\n\t\t\t\t<\/div>\n\t\t\t\t\t<\/div>\n\t\t\t\t<\/div>\n\t\t<div class=\"elementor-element elementor-element-c7fc5e8 e-flex e-con-boxed e-con e-parent\" data-id=\"c7fc5e8\" data-element_type=\"container\" data-e-type=\"container\">\n\t\t\t\t\t<div class=\"e-con-inner\">\n\t\t\t\t<div class=\"elementor-element elementor-element-15b7a32 elementor-widget-mobile__width-initial elementor-widget elementor-widget-heading\" data-id=\"15b7a32\" data-element_type=\"widget\" data-e-type=\"widget\" data-widget_type=\"heading.default\">\n\t\t\t\t<div class=\"elementor-widget-container\">\n\t\t\t\t\t<h2 class=\"elementor-heading-title elementor-size-default\">Bauindustrie \u2013 Ausf\u00fchrung vor Ort<\/h2>\t\t\t\t<\/div>\n\t\t\t\t<\/div>\n\t\t\t\t<div class=\"elementor-element elementor-element-6f06d1f elementor-widget__width-initial elementor-widget elementor-widget-text-editor\" data-id=\"6f06d1f\" data-element_type=\"widget\" data-e-type=\"widget\" data-widget_type=\"text-editor.default\">\n\t\t\t\t<div class=\"elementor-widget-container\">\n\t\t\t\t\t\t\t\t\t<p>Concrefy kennt die Baukette wie kein anderer und setzt dieses Wissen pragmatisch in Beratung und (Dossier-)Recherche um. <br \/>Mit unserer Servicef\u00fchrung vor Ort k\u00f6nnen Sie sicher sein, dass ein erfahrener Betontechnologe auf Ihrer Baustelle anwesend ist, der den gesamten Prozess von der Mischungsbeurteilung bis zum Betonieren \u00fcberwacht und die h\u00f6chsten Qualit\u00e4ts- und Konformit\u00e4tsstandards gew\u00e4hrleistet.<\/p><p><b>Unsere Experten ...<\/b><\/p><ul><li>jeden Aspekt verwalten,<\/li><li>bieten sofortige Anpassungen,<\/li><li>sind Ihr proaktiver Partner f\u00fcr einen reibungslosen Ablauf von Anfang bis Ende,<\/li><li>fungieren als wichtiges Bindeglied zwischen Ihnen, dem Betonwerk und anderen Beteiligten vor Ort.<\/li><\/ul>\t\t\t\t\t\t\t\t<\/div>\n\t\t\t\t<\/div>\n\t\t\t\t<div class=\"elementor-element elementor-element-2a3ea33 elementor-widget__width-initial elementor-widget elementor-widget-text-editor\" data-id=\"2a3ea33\" data-element_type=\"widget\" data-e-type=\"widget\" data-widget_type=\"text-editor.default\">\n\t\t\t\t<div class=\"elementor-widget-container\">\n\t\t\t\t\t\t\t\t\t<p><b>Jeder Betontechnologe von Concrefy verf\u00fcgt \u00fcber fundierte praktische Kenntnisse in der Herstellung und Verarbeitung von Betonm\u00f6rtel. Dar\u00fcber hinaus halten sie sich \u00fcber die geltenden Vorschriften und Branchenpraktiken auf dem Laufenden.<\/b><\/p>\t\t\t\t\t\t\t\t<\/div>\n\t\t\t\t<\/div>\n\t\t\t\t\t<\/div>\n\t\t\t\t<\/div>\n\t\t<div class=\"elementor-element elementor-element-687b565 pad-l e-flex e-con-boxed e-con e-parent\" data-id=\"687b565\" data-element_type=\"container\" data-e-type=\"container\">\n\t\t\t\t\t<div class=\"e-con-inner\">\n\t\t\t\t<div class=\"elementor-element elementor-element-0f9d284 elementor-widget elementor-widget-image\" data-id=\"0f9d284\" data-element_type=\"widget\" data-e-type=\"widget\" data-widget_type=\"image.default\">\n\t\t\t\t<div class=\"elementor-widget-container\">\n\t\t\t\t\t\t\t\t\t\t\t\t\t\t\t<img fetchpriority=\"high\" decoding=\"async\" width=\"992\" height=\"384\" src=\"https:\/\/concrefy.com\/wp-content\/uploads\/2025\/06\/IMG_1034-Stortbegeleiding2a-verkleind.png\" class=\"attachment-full size-full wp-image-815\" alt=\"\" srcset=\"https:\/\/concrefy.com\/wp-content\/uploads\/2025\/06\/IMG_1034-Stortbegeleiding2a-verkleind.png 992w, https:\/\/concrefy.com\/wp-content\/uploads\/2025\/06\/IMG_1034-Stortbegeleiding2a-verkleind-300x116.png 300w, https:\/\/concrefy.com\/wp-content\/uploads\/2025\/06\/IMG_1034-Stortbegeleiding2a-verkleind-768x297.png 768w\" sizes=\"(max-width: 992px) 100vw, 992px\" \/>\t\t\t\t\t\t\t\t\t\t\t\t\t\t\t<\/div>\n\t\t\t\t<\/div>\n\t\t\t\t<div class=\"elementor-element elementor-element-5127285 elementor-widget__width-initial elementor-widget elementor-widget-text-editor\" data-id=\"5127285\" data-element_type=\"widget\" data-e-type=\"widget\" data-widget_type=\"text-editor.default\">\n\t\t\t\t<div class=\"elementor-widget-container\">\n\t\t\t\t\t\t\t\t\t<p><strong>Ganz gleich, wie gro\u00df die Herausforderung ist - z\u00e4hlen Sie auf unsere unabh\u00e4ngigen Unterst\u00fctzungs- und Beratungsdienste.<\/strong><\/p><ul><li>Modifikationen in Gemischen<\/li><li>Einbeziehung von alternativen Rohstoffen<\/li><li>Verwertung von Recyclingmaterialien<\/li><li>Rationalisierung der logistischen Prozesse vor Ort<\/li><\/ul>\t\t\t\t\t\t\t\t<\/div>\n\t\t\t\t<\/div>\n\t\t\t\t\t<\/div>\n\t\t\t\t<\/div>\n\t\t<div class=\"elementor-element elementor-element-d118ce2 e-flex e-con-boxed e-con e-parent\" data-id=\"d118ce2\" data-element_type=\"container\" data-e-type=\"container\">\n\t\t\t\t\t<div class=\"e-con-inner\">\n\t\t\t\t<div class=\"elementor-element elementor-element-29bff0e elementor-widget-mobile__width-initial elementor-widget elementor-widget-heading\" data-id=\"29bff0e\" data-element_type=\"widget\" data-e-type=\"widget\" data-widget_type=\"heading.default\">\n\t\t\t\t<div class=\"elementor-widget-container\">\n\t\t\t\t\t<h2 class=\"elementor-heading-title elementor-size-default\">Ihr Vorteil mit unserem mobilen Labor<\/h2>\t\t\t\t<\/div>\n\t\t\t\t<\/div>\n\t\t\t\t<div class=\"elementor-element elementor-element-ea2598b elementor-widget__width-initial elementor-widget elementor-widget-text-editor\" data-id=\"ea2598b\" data-element_type=\"widget\" data-e-type=\"widget\" data-widget_type=\"text-editor.default\">\n\t\t\t\t<div class=\"elementor-widget-container\">\n\t\t\t\t\t\t\t\t\t<ul><li><b>Nahtlose Pr\u00fcfung vor Ort: <\/b>Unser Team verf\u00fcgt \u00fcber ein mobiles Labor, das mit modernsten Ger\u00e4ten ausgestattet ist und ein effizientes Arbeiten direkt bei Ihnen vor Ort erm\u00f6glicht.<\/li><li><b> Sofortige Daten\u00fcbertragung:<\/b> Profitieren Sie von der direkten drahtlosen Verbindung unseres mobilen Labors mit unserem Zentrallabor in Venlo, die eine Datenspeicherung und -analyse in Echtzeit gew\u00e4hrleistet.<\/li><li><b> Umfassende Testm\u00f6glichkeiten:<\/b> Zus\u00e4tzlich zu den Vor-Ort-Dienstleistungen verf\u00fcgt unser Concrefy-Labor \u00fcber eine komplette Ausstattung, die alle erforderlichen Tests schnell und effektiv erm\u00f6glicht.<\/li><\/ul>\t\t\t\t\t\t\t\t<\/div>\n\t\t\t\t<\/div>\n\t\t\t\t\t<\/div>\n\t\t\t\t<\/div>\n\t\t<div class=\"elementor-element elementor-element-6741abf2 e-con-full e-flex e-con e-parent\" data-id=\"6741abf2\" data-element_type=\"container\" data-e-type=\"container\" data-settings=\"{&quot;background_background&quot;:&quot;classic&quot;}\">\n\t\t<div class=\"elementor-element elementor-element-5ae8bf13 e-con-full e-flex e-con e-child\" data-id=\"5ae8bf13\" data-element_type=\"container\" data-e-type=\"container\" data-settings=\"{&quot;background_background&quot;:&quot;classic&quot;}\">\n\t\t\t\t<\/div>\n\t\t<div class=\"elementor-element elementor-element-3bf11652 e-flex e-con-boxed e-con e-child\" data-id=\"3bf11652\" data-element_type=\"container\" data-e-type=\"container\">\n\t\t\t\t\t<div class=\"e-con-inner\">\n\t\t<div class=\"elementor-element elementor-element-58b86a86 e-con-full e-flex e-con e-child\" data-id=\"58b86a86\" data-element_type=\"container\" data-e-type=\"container\">\n\t\t\t\t<div class=\"elementor-element elementor-element-16b7c60d elementor-widget elementor-widget-text-editor\" data-id=\"16b7c60d\" data-element_type=\"widget\" data-e-type=\"widget\" data-widget_type=\"text-editor.default\">\n\t\t\t\t<div class=\"elementor-widget-container\">\n\t\t\t\t\t\t\t\t\t<p>Der f\u00fcr Concrefy t\u00e4tige Technologe verf\u00fcgt \u00fcber umfangreiche Erfahrungen in der Herstellung und Verarbeitung von Betonm\u00f6rtel. Der Technologe ist auch mit den geltenden Vorschriften und Arbeitsmethoden vertraut.<\/p>\t\t\t\t\t\t\t\t<\/div>\n\t\t\t\t<\/div>\n\t\t\t\t<div class=\"elementor-element elementor-element-467303c4 elementor-widget elementor-widget-heading\" data-id=\"467303c4\" data-element_type=\"widget\" data-e-type=\"widget\" data-widget_type=\"heading.default\">\n\t\t\t\t<div class=\"elementor-widget-container\">\n\t\t\t\t\t<h2 class=\"elementor-heading-title elementor-size-default\">Wir sind hier, um Sie zu beraten!<\/h2>\t\t\t\t<\/div>\n\t\t\t\t<\/div>\n\t\t\t\t<\/div>\n\t\t\t\t\t<\/div>\n\t\t\t\t<\/div>\n\t\t<div class=\"elementor-element elementor-element-3ee37196 e-con-full e-flex e-con e-child\" data-id=\"3ee37196\" data-element_type=\"container\" data-e-type=\"container\" data-settings=\"{&quot;background_background&quot;:&quot;classic&quot;}\">\n\t\t\t\t<div class=\"elementor-element elementor-element-733d26cf elementor-align-center elementor-widget__width-initial cubutton elementor-widget-mobile__width-inherit elementor-widget elementor-widget-button\" data-id=\"733d26cf\" data-element_type=\"widget\" data-e-type=\"widget\" data-widget_type=\"button.default\">\n\t\t\t\t<div class=\"elementor-widget-container\">\n\t\t\t\t\t\t\t\t\t<div class=\"elementor-button-wrapper\">\n\t\t\t\t\t<a class=\"elementor-button elementor-button-link elementor-size-sm\" href=\"https:\/\/concrefy.com\/de\/contact\/\">\n\t\t\t\t\t\t<span class=\"elementor-button-content-wrapper\">\n\t\t\t\t\t\t\t\t\t<span class=\"elementor-button-text\">Kontaktieren Sie uns jetzt<\/span>\n\t\t\t\t\t<\/span>\n\t\t\t\t\t<\/a>\n\t\t\t\t<\/div>\n\t\t\t\t\t\t\t\t<\/div>\n\t\t\t\t<\/div>\n\t\t\t\t<\/div>\n\t\t\t\t<\/div>\n\t\t\t\t<\/div>","protected":false},"excerpt":{"rendered":"<p>Ganz gleich, wie die Herausforderung aussieht - z\u00e4hlen Sie auf unsere unabh\u00e4ngige Unterst\u00fctzung und Beratung vor Ort<\/p>","protected":false},"author":5,"featured_media":1130,"parent":141,"menu_order":0,"comment_status":"closed","ping_status":"closed","template":"","meta":{"_acf_changed":false,"inline_featured_image":false,"iawp_total_views":14,"footnotes":""},"class_list":["post-809","page","type-page","status-publish","has-post-thumbnail","hentry","page_cat-consultancy"],"acf":[],"yoast_head":"<!-- This site is optimized with the Yoast SEO plugin v27.5 - https:\/\/yoast.com\/product\/yoast-seo-wordpress\/ -->\n<title>Guidance on location - Concrefy<\/title>\n<meta name=\"description\" content=\"No matter what the challenge is \u2013 count on our independent support and advisory services on-site.\" \/>\n<meta name=\"robots\" content=\"index, follow, max-snippet:-1, max-image-preview:large, max-video-preview:-1\" \/>\n<link rel=\"canonical\" href=\"https:\/\/concrefy.com\/de\/dienstleistungen\/beratung\/baustellenueberwachung\/\" \/>\n<meta property=\"og:locale\" content=\"de_DE\" \/>\n<meta property=\"og:type\" content=\"article\" \/>\n<meta property=\"og:title\" content=\"Guidance on location - Concrefy\" \/>\n<meta property=\"og:description\" content=\"No matter what the challenge is \u2013 count on our independent support and advisory services on-site.\" \/>\n<meta property=\"og:url\" content=\"https:\/\/concrefy.com\/de\/dienstleistungen\/beratung\/baustellenueberwachung\/\" \/>\n<meta property=\"og:site_name\" content=\"Concrefy\" \/>\n<meta property=\"article:modified_time\" content=\"2026-03-24T14:12:31+00:00\" \/>\n<meta property=\"og:image\" content=\"https:\/\/concrefy.com\/wp-content\/uploads\/2025\/06\/Refrences-1.jpg\" \/>\n\t<meta property=\"og:image:width\" content=\"768\" \/>\n\t<meta property=\"og:image:height\" content=\"437\" \/>\n\t<meta property=\"og:image:type\" content=\"image\/jpeg\" \/>\n<meta name=\"twitter:card\" content=\"summary_large_image\" \/>\n<meta name=\"twitter:label1\" content=\"Gesch\u00e4tzte Lesezeit\" \/>\n\t<meta name=\"twitter:data1\" content=\"2\u00a0Minuten\" \/>\n<script type=\"application\/ld+json\" class=\"yoast-schema-graph\">{\"@context\":\"https:\\\/\\\/schema.org\",\"@graph\":[{\"@type\":\"WebPage\",\"@id\":\"https:\\\/\\\/concrefy.com\\\/services\\\/consultancy\\\/guidance-on-location\\\/\",\"url\":\"https:\\\/\\\/concrefy.com\\\/services\\\/consultancy\\\/guidance-on-location\\\/\",\"name\":\"Guidance on location - Concrefy\",\"isPartOf\":{\"@id\":\"https:\\\/\\\/concrefy.com\\\/#website\"},\"primaryImageOfPage\":{\"@id\":\"https:\\\/\\\/concrefy.com\\\/services\\\/consultancy\\\/guidance-on-location\\\/#primaryimage\"},\"image\":{\"@id\":\"https:\\\/\\\/concrefy.com\\\/services\\\/consultancy\\\/guidance-on-location\\\/#primaryimage\"},\"thumbnailUrl\":\"https:\\\/\\\/concrefy.com\\\/wp-content\\\/uploads\\\/2025\\\/06\\\/Refrences-1.jpg\",\"datePublished\":\"2025-06-24T10:35:15+00:00\",\"dateModified\":\"2026-03-24T14:12:31+00:00\",\"description\":\"No matter what the challenge is \u2013 count on our independent support and advisory services on-site.\",\"breadcrumb\":{\"@id\":\"https:\\\/\\\/concrefy.com\\\/services\\\/consultancy\\\/guidance-on-location\\\/#breadcrumb\"},\"inLanguage\":\"de\",\"potentialAction\":[{\"@type\":\"ReadAction\",\"target\":[\"https:\\\/\\\/concrefy.com\\\/services\\\/consultancy\\\/guidance-on-location\\\/\"]}]},{\"@type\":\"ImageObject\",\"inLanguage\":\"de\",\"@id\":\"https:\\\/\\\/concrefy.com\\\/services\\\/consultancy\\\/guidance-on-location\\\/#primaryimage\",\"url\":\"https:\\\/\\\/concrefy.com\\\/wp-content\\\/uploads\\\/2025\\\/06\\\/Refrences-1.jpg\",\"contentUrl\":\"https:\\\/\\\/concrefy.com\\\/wp-content\\\/uploads\\\/2025\\\/06\\\/Refrences-1.jpg\",\"width\":768,\"height\":437},{\"@type\":\"BreadcrumbList\",\"@id\":\"https:\\\/\\\/concrefy.com\\\/services\\\/consultancy\\\/guidance-on-location\\\/#breadcrumb\",\"itemListElement\":[{\"@type\":\"ListItem\",\"position\":1,\"name\":\"Home\",\"item\":\"https:\\\/\\\/concrefy.com\\\/\"},{\"@type\":\"ListItem\",\"position\":2,\"name\":\"Services &#038; Solutions\",\"item\":\"https:\\\/\\\/concrefy.com\\\/services\\\/\"},{\"@type\":\"ListItem\",\"position\":3,\"name\":\"Consultancy\",\"item\":\"https:\\\/\\\/concrefy.com\\\/services\\\/consultancy\\\/\"},{\"@type\":\"ListItem\",\"position\":4,\"name\":\"Guidance on location\"}]},{\"@type\":\"WebSite\",\"@id\":\"https:\\\/\\\/concrefy.com\\\/#website\",\"url\":\"https:\\\/\\\/concrefy.com\\\/\",\"name\":\"Concrefy\",\"description\":\"Concrefy | fresh thinking for construction\",\"publisher\":{\"@id\":\"https:\\\/\\\/concrefy.com\\\/#organization\"},\"potentialAction\":[{\"@type\":\"SearchAction\",\"target\":{\"@type\":\"EntryPoint\",\"urlTemplate\":\"https:\\\/\\\/concrefy.com\\\/?s={search_term_string}\"},\"query-input\":{\"@type\":\"PropertyValueSpecification\",\"valueRequired\":true,\"valueName\":\"search_term_string\"}}],\"inLanguage\":\"de\"},{\"@type\":\"Organization\",\"@id\":\"https:\\\/\\\/concrefy.com\\\/#organization\",\"name\":\"Concrefy\",\"url\":\"https:\\\/\\\/concrefy.com\\\/\",\"logo\":{\"@type\":\"ImageObject\",\"inLanguage\":\"de\",\"@id\":\"https:\\\/\\\/concrefy.com\\\/#\\\/schema\\\/logo\\\/image\\\/\",\"url\":\"https:\\\/\\\/concrefy.com\\\/wp-content\\\/uploads\\\/2025\\\/07\\\/cropped-cropped-concrefy-logo-transparant-1.webp\",\"contentUrl\":\"https:\\\/\\\/concrefy.com\\\/wp-content\\\/uploads\\\/2025\\\/07\\\/cropped-cropped-concrefy-logo-transparant-1.webp\",\"width\":512,\"height\":512,\"caption\":\"Concrefy\"},\"image\":{\"@id\":\"https:\\\/\\\/concrefy.com\\\/#\\\/schema\\\/logo\\\/image\\\/\"},\"sameAs\":[\"https:\\\/\\\/www.linkedin.com\\\/company\\\/b-a-s-research-technology\\\/\"]}]}<\/script>\n<!-- \/ Yoast SEO plugin. -->","yoast_head_json":{"title":"Hinweise zum Standort - Concrefy","description":"Ganz gleich, wie gro\u00df die Herausforderung ist - z\u00e4hlen Sie auf unsere unabh\u00e4ngige Unterst\u00fctzung und Beratung vor Ort.","robots":{"index":"index","follow":"follow","max-snippet":"max-snippet:-1","max-image-preview":"max-image-preview:large","max-video-preview":"max-video-preview:-1"},"canonical":"https:\/\/concrefy.com\/de\/dienstleistungen\/beratung\/baustellenueberwachung\/","og_locale":"de_DE","og_type":"article","og_title":"Guidance on location - Concrefy","og_description":"No matter what the challenge is \u2013 count on our independent support and advisory services on-site.","og_url":"https:\/\/concrefy.com\/de\/dienstleistungen\/beratung\/baustellenueberwachung\/","og_site_name":"Concrefy","article_modified_time":"2026-03-24T14:12:31+00:00","og_image":[{"width":768,"height":437,"url":"https:\/\/concrefy.com\/wp-content\/uploads\/2025\/06\/Refrences-1.jpg","type":"image\/jpeg"}],"twitter_card":"summary_large_image","twitter_misc":{"Gesch\u00e4tzte Lesezeit":"2\u00a0Minuten"},"schema":{"@context":"https:\/\/schema.org","@graph":[{"@type":"WebPage","@id":"https:\/\/concrefy.com\/services\/consultancy\/guidance-on-location\/","url":"https:\/\/concrefy.com\/services\/consultancy\/guidance-on-location\/","name":"Hinweise zum Standort - Concrefy","isPartOf":{"@id":"https:\/\/concrefy.com\/#website"},"primaryImageOfPage":{"@id":"https:\/\/concrefy.com\/services\/consultancy\/guidance-on-location\/#primaryimage"},"image":{"@id":"https:\/\/concrefy.com\/services\/consultancy\/guidance-on-location\/#primaryimage"},"thumbnailUrl":"https:\/\/concrefy.com\/wp-content\/uploads\/2025\/06\/Refrences-1.jpg","datePublished":"2025-06-24T10:35:15+00:00","dateModified":"2026-03-24T14:12:31+00:00","description":"Ganz gleich, wie gro\u00df die Herausforderung ist - z\u00e4hlen Sie auf unsere unabh\u00e4ngige Unterst\u00fctzung und Beratung vor Ort.","breadcrumb":{"@id":"https:\/\/concrefy.com\/services\/consultancy\/guidance-on-location\/#breadcrumb"},"inLanguage":"de","potentialAction":[{"@type":"ReadAction","target":["https:\/\/concrefy.com\/services\/consultancy\/guidance-on-location\/"]}]},{"@type":"ImageObject","inLanguage":"de","@id":"https:\/\/concrefy.com\/services\/consultancy\/guidance-on-location\/#primaryimage","url":"https:\/\/concrefy.com\/wp-content\/uploads\/2025\/06\/Refrences-1.jpg","contentUrl":"https:\/\/concrefy.com\/wp-content\/uploads\/2025\/06\/Refrences-1.jpg","width":768,"height":437},{"@type":"BreadcrumbList","@id":"https:\/\/concrefy.com\/services\/consultancy\/guidance-on-location\/#breadcrumb","itemListElement":[{"@type":"ListItem","position":1,"name":"Home","item":"https:\/\/concrefy.com\/"},{"@type":"ListItem","position":2,"name":"Services &#038; Solutions","item":"https:\/\/concrefy.com\/services\/"},{"@type":"ListItem","position":3,"name":"Consultancy","item":"https:\/\/concrefy.com\/services\/consultancy\/"},{"@type":"ListItem","position":4,"name":"Guidance on location"}]},{"@type":"WebSite","@id":"https:\/\/concrefy.com\/#website","url":"https:\/\/concrefy.com\/","name":"Concrefy","description":"Concrefy | fresh thinking for construction","publisher":{"@id":"https:\/\/concrefy.com\/#organization"},"potentialAction":[{"@type":"SearchAction","target":{"@type":"EntryPoint","urlTemplate":"https:\/\/concrefy.com\/?s={search_term_string}"},"query-input":{"@type":"PropertyValueSpecification","valueRequired":true,"valueName":"search_term_string"}}],"inLanguage":"de"},{"@type":"Organization","@id":"https:\/\/concrefy.com\/#organization","name":"Concrefy","url":"https:\/\/concrefy.com\/","logo":{"@type":"ImageObject","inLanguage":"de","@id":"https:\/\/concrefy.com\/#\/schema\/logo\/image\/","url":"https:\/\/concrefy.com\/wp-content\/uploads\/2025\/07\/cropped-cropped-concrefy-logo-transparant-1.webp","contentUrl":"https:\/\/concrefy.com\/wp-content\/uploads\/2025\/07\/cropped-cropped-concrefy-logo-transparant-1.webp","width":512,"height":512,"caption":"Concrefy"},"image":{"@id":"https:\/\/concrefy.com\/#\/schema\/logo\/image\/"},"sameAs":["https:\/\/www.linkedin.com\/company\/b-a-s-research-technology\/"]}]}},"_links":{"self":[{"href":"https:\/\/concrefy.com\/de\/wp-json\/wp\/v2\/pages\/809","targetHints":{"allow":["GET"]}}],"collection":[{"href":"https:\/\/concrefy.com\/de\/wp-json\/wp\/v2\/pages"}],"about":[{"href":"https:\/\/concrefy.com\/de\/wp-json\/wp\/v2\/types\/page"}],"author":[{"embeddable":true,"href":"https:\/\/concrefy.com\/de\/wp-json\/wp\/v2\/users\/5"}],"replies":[{"embeddable":true,"href":"https:\/\/concrefy.com\/de\/wp-json\/wp\/v2\/comments?post=809"}],"version-history":[{"count":133,"href":"https:\/\/concrefy.com\/de\/wp-json\/wp\/v2\/pages\/809\/revisions"}],"predecessor-version":[{"id":8313,"href":"https:\/\/concrefy.com\/de\/wp-json\/wp\/v2\/pages\/809\/revisions\/8313"}],"up":[{"embeddable":true,"href":"https:\/\/concrefy.com\/de\/wp-json\/wp\/v2\/pages\/141"}],"wp:featuredmedia":[{"embeddable":true,"href":"https:\/\/concrefy.com\/de\/wp-json\/wp\/v2\/media\/1130"}],"wp:attachment":[{"href":"https:\/\/concrefy.com\/de\/wp-json\/wp\/v2\/media?parent=809"}],"curies":[{"name":"wp","href":"https:\/\/api.w.org\/{rel}","templated":true}]}}