{"id":141,"date":"2025-06-02T06:58:37","date_gmt":"2025-06-02T06:58:37","guid":{"rendered":"https:\/\/62.84.247.78\/~concrefy\/?page_id=141"},"modified":"2026-04-07T15:29:03","modified_gmt":"2026-04-07T14:29:03","slug":"beratung","status":"publish","type":"page","link":"https:\/\/concrefy.com\/de\/services\/consultancy\/","title":{"rendered":"Beratung"},"content":{"rendered":"<div data-elementor-type=\"wp-page\" data-elementor-id=\"141\" class=\"elementor elementor-141\" data-elementor-post-type=\"page\">\n\t\t\t\t<div class=\"elementor-element elementor-element-6fab0ef8 e-flex e-con-boxed e-con e-parent\" data-id=\"6fab0ef8\" data-element_type=\"container\" data-e-type=\"container\">\n\t\t\t\t\t<div class=\"e-con-inner\">\n\t\t<div class=\"elementor-element elementor-element-2816edbd e-con-full e-flex e-con e-child\" data-id=\"2816edbd\" data-element_type=\"container\" data-e-type=\"container\">\n\t\t\t\t<div class=\"elementor-element elementor-element-2ef9c236 elementor-widget elementor-widget-image\" data-id=\"2ef9c236\" data-element_type=\"widget\" data-e-type=\"widget\" data-widget_type=\"image.default\">\n\t\t\t\t<div class=\"elementor-widget-container\">\n\t\t\t\t\t\t\t\t\t\t\t\t\t\t\t<img fetchpriority=\"high\" decoding=\"async\" width=\"1024\" height=\"640\" src=\"https:\/\/concrefy.com\/wp-content\/uploads\/2025\/06\/concrefy_keyvisual-consultancy_1280x800px-1024x640-1.png\" class=\"attachment-full size-full wp-image-143\" alt=\"\" srcset=\"https:\/\/concrefy.com\/wp-content\/uploads\/2025\/06\/concrefy_keyvisual-consultancy_1280x800px-1024x640-1.png 1024w, https:\/\/concrefy.com\/wp-content\/uploads\/2025\/06\/concrefy_keyvisual-consultancy_1280x800px-1024x640-1-300x188.png 300w, https:\/\/concrefy.com\/wp-content\/uploads\/2025\/06\/concrefy_keyvisual-consultancy_1280x800px-1024x640-1-768x480.png 768w\" sizes=\"(max-width: 1024px) 100vw, 1024px\" \/>\t\t\t\t\t\t\t\t\t\t\t\t\t\t\t<\/div>\n\t\t\t\t<\/div>\n\t\t\t\t<\/div>\n\t\t<div class=\"elementor-element elementor-element-60650a5d e-con-full e-flex e-con e-child\" data-id=\"60650a5d\" data-element_type=\"container\" data-e-type=\"container\">\n\t\t\t\t<div class=\"elementor-element elementor-element-2b96dda0 elementor-widget__width-inherit elementor-widget elementor-widget-text-editor\" data-id=\"2b96dda0\" data-element_type=\"widget\" data-e-type=\"widget\" data-widget_type=\"text-editor.default\">\n\t\t\t\t<div class=\"elementor-widget-container\">\n\t\t\t\t\t\t\t\t\t<h2 class=\"elementor-heading-title elementor-size-default\"><span style=\"color: #000000;\">Betonberatung &amp; Technischer Support<\/span><\/h2>\nUnabh\u00e4ngige Expertise in der Betontechnologie, die jede Phase des Bauprozesses unterst\u00fctzt \u2013 von der Analyse und Materialauswahl bis hin zur Produktionsoptimierung und Implementierung vor Ort.\t\t\t\t\t\t\t\t<\/div>\n\t\t\t\t<\/div>\n\t\t\t\t<\/div>\n\t\t\t\t\t<\/div>\n\t\t\t\t<\/div>\n\t\t<div class=\"elementor-element elementor-element-4e8817d e-flex e-con-boxed e-con e-parent\" data-id=\"4e8817d\" data-element_type=\"container\" data-e-type=\"container\">\n\t\t\t\t\t<div class=\"e-con-inner\">\n\t\t<div class=\"elementor-element elementor-element-0dc3c81 e-con-full e-flex e-con e-child\" data-id=\"0dc3c81\" data-element_type=\"container\" data-e-type=\"container\">\n\t\t\t\t<div class=\"elementor-element elementor-element-f1f777f elementor-widget elementor-widget-heading\" data-id=\"f1f777f\" data-element_type=\"widget\" data-e-type=\"widget\" data-widget_type=\"heading.default\">\n\t\t\t\t<div class=\"elementor-widget-container\">\n\t\t\t\t\t<h1 class=\"elementor-heading-title elementor-size-default\">Kompetenz in der Beratung<\/h1>\t\t\t\t<\/div>\n\t\t\t\t<\/div>\n\t\t\t\t<div class=\"elementor-element elementor-element-f150093 elementor-widget elementor-widget-text-editor\" data-id=\"f150093\" data-element_type=\"widget\" data-e-type=\"widget\" data-widget_type=\"text-editor.default\">\n\t\t\t\t<div class=\"elementor-widget-container\">\n\t\t\t\t\t\t\t\t\t<strong>Unsere Beratungsabteilung bietet umfassendes Fachwissen in der Betontechnologie.<\/strong>\t\t\t\t\t\t\t\t<\/div>\n\t\t\t\t<\/div>\n\t\t\t\t<div class=\"elementor-element elementor-element-fdacdb2 elementor-widget__width-initial elementor-widget elementor-widget-text-editor\" data-id=\"fdacdb2\" data-element_type=\"widget\" data-e-type=\"widget\" data-widget_type=\"text-editor.default\">\n\t\t\t\t<div class=\"elementor-widget-container\">\n\t\t\t\t\t\t\t\t\t<p>In unserem Labor arrangieren und koordinieren wir f\u00fcr unsere Kunden eine Reihe von Aktivit\u00e4ten, wie z.B. Spannungsanalysen, die als Grundlage dienen, um genau zu bestimmen, welche weiteren Schritte im Prozess zu unternehmen sind. Dar\u00fcber hinaus beraten wir, welche Rohstoffe am besten eingesetzt werden k\u00f6nnen und wie bestehende Produktionsprozesse optimiert werden k\u00f6nnen.<\/p>\t\t\t\t\t\t\t\t<\/div>\n\t\t\t\t<\/div>\n\t\t\t\t<\/div>\n\t\t\t\t\t<\/div>\n\t\t\t\t<\/div>\n\t\t<div class=\"elementor-element elementor-element-315e2c2d e-con-full e-flex e-con e-parent\" data-id=\"315e2c2d\" data-element_type=\"container\" data-e-type=\"container\" data-settings=\"{&quot;background_background&quot;:&quot;classic&quot;}\">\n\t\t<div class=\"elementor-element elementor-element-25953145 e-con-full e-flex e-con e-child\" data-id=\"25953145\" data-element_type=\"container\" data-e-type=\"container\" data-settings=\"{&quot;background_background&quot;:&quot;classic&quot;}\">\n\t\t\t\t<\/div>\n\t\t<div class=\"elementor-element elementor-element-51f10852 e-flex e-con-boxed e-con e-child\" data-id=\"51f10852\" data-element_type=\"container\" data-e-type=\"container\">\n\t\t\t\t\t<div class=\"e-con-inner\">\n\t\t<div class=\"elementor-element elementor-element-39bb2548 e-con-full e-flex e-con e-child\" data-id=\"39bb2548\" data-element_type=\"container\" data-e-type=\"container\">\n\t\t\t\t<div class=\"elementor-element elementor-element-1e0355df elementor-widget elementor-widget-heading\" data-id=\"1e0355df\" data-element_type=\"widget\" data-e-type=\"widget\" data-widget_type=\"heading.default\">\n\t\t\t\t<div class=\"elementor-widget-container\">\n\t\t\t\t\t<h2 class=\"elementor-heading-title elementor-size-default\">Betontechnologie<\/h2>\t\t\t\t<\/div>\n\t\t\t\t<\/div>\n\t\t\t\t<div class=\"elementor-element elementor-element-14b0abe8 elementor-widget-mobile__width-initial elementor-widget elementor-widget-text-editor\" data-id=\"14b0abe8\" data-element_type=\"widget\" data-e-type=\"widget\" data-widget_type=\"text-editor.default\">\n\t\t\t\t<div class=\"elementor-widget-container\">\n\t\t\t\t\t\t\t\t\tMit \u00fcber 40 Jahren Erfahrung in der Betontechnologie ist Concrefy ein spezialisierter Beratungspartner f\u00fcr Hersteller und Anwender von Fertigteilen und Ortbeton.\nWir verbinden fundierte Materialkenntnisse mit praktischer Bauerfahrung und unterst\u00fctzen unsere Kunden bei der Einf\u00fchrung neuer Materialien und Verfahrenstechniken.\nUnsere Spezialisten konzipieren und \u00fcberwachen Qualit\u00e4tssysteme, die eine zuverl\u00e4ssige Qualit\u00e4tssicherung bei der Produktion und auf der Baustelle gew\u00e4hrleisten.\nDie Forschung wird in unseren akkreditierten Labors oder direkt auf der Baustelle mit unseren mobilen Labors durchgef\u00fchrt.\t\t\t\t\t\t\t\t<\/div>\n\t\t\t\t<\/div>\n\t\t\t\t<\/div>\n\t\t\t\t\t<\/div>\n\t\t\t\t<\/div>\n\t\t<div class=\"elementor-element elementor-element-7064e9b e-con-full e-flex e-con e-child\" data-id=\"7064e9b\" data-element_type=\"container\" data-e-type=\"container\" data-settings=\"{&quot;background_background&quot;:&quot;classic&quot;}\">\n\t\t\t\t<div class=\"elementor-element elementor-element-50c42257 elementor-align-center elementor-widget__width-initial cubutton elementor-widget-mobile__width-inherit elementor-widget elementor-widget-button\" data-id=\"50c42257\" data-element_type=\"widget\" data-e-type=\"widget\" data-widget_type=\"button.default\">\n\t\t\t\t<div class=\"elementor-widget-container\">\n\t\t\t\t\t\t\t\t\t<div class=\"elementor-button-wrapper\">\n\t\t\t\t\t<a class=\"elementor-button elementor-button-link elementor-size-sm\" href=\"https:\/\/concrefy.com\/de\/contact\/\">\n\t\t\t\t\t\t<span class=\"elementor-button-content-wrapper\">\n\t\t\t\t\t\t\t\t\t<span class=\"elementor-button-text\">Kontaktieren Sie uns jetzt<\/span>\n\t\t\t\t\t<\/span>\n\t\t\t\t\t<\/a>\n\t\t\t\t<\/div>\n\t\t\t\t\t\t\t\t<\/div>\n\t\t\t\t<\/div>\n\t\t\t\t<\/div>\n\t\t\t\t<\/div>\n\t\t<div class=\"elementor-element elementor-element-20dbea0 e-flex e-con-boxed e-con e-parent\" data-id=\"20dbea0\" data-element_type=\"container\" data-e-type=\"container\">\n\t\t\t\t\t<div class=\"e-con-inner\">\n\t\t\t\t<div class=\"elementor-element elementor-element-7f929f0 elementor-widget-mobile__width-initial elementor-widget elementor-widget-heading\" data-id=\"7f929f0\" data-element_type=\"widget\" data-e-type=\"widget\" data-widget_type=\"heading.default\">\n\t\t\t\t<div class=\"elementor-widget-container\">\n\t\t\t\t\t<h2 class=\"elementor-heading-title elementor-size-default\">Unsere Beratungsdienste<\/h2>\t\t\t\t<\/div>\n\t\t\t\t<\/div>\n\t\t\t\t\t<\/div>\n\t\t\t\t<\/div>\n\t\t<div class=\"elementor-element elementor-element-c60265f e-flex e-con-boxed e-con e-parent\" data-id=\"c60265f\" data-element_type=\"container\" data-e-type=\"container\">\n\t\t\t\t\t<div class=\"e-con-inner\">\n\t\t\t\t<div class=\"elementor-element elementor-element-d59eb88 elementor-widget__width-initial elementor-widget-mobile__width-initial elementor-widget elementor-widget-text-editor\" data-id=\"d59eb88\" data-element_type=\"widget\" data-e-type=\"widget\" data-widget_type=\"text-editor.default\">\n\t\t\t\t<div class=\"elementor-widget-container\">\n\t\t\t\t\t\t\t\t\t<ul><li>\u00dcberwachung der bestehenden Betonproduktion f\u00fcr die Vorfertigung und den Betoneinbau auf der Baustelle<\/li><li>Unterst\u00fctzung bei der Entwicklung und Umsetzung von neuen Materialien<\/li><li>Materialforschung in unseren akkreditierten Laboratorien<\/li><li>Einsatz von (einem oder mehreren) mobilen Labors auf der Baustelle<\/li><li>Externe \u00dcberwachung oder Kontrolle der laufenden Arbeiten<\/li><li>Innovation und Entwicklung mit neuen, alternativen oder wiederverwerteten Rohstoffen<\/li><li>Entwicklung und Umsetzung spezieller Betonarten<\/li><li>Optimierung der bestehenden Produktionsprozesse<\/li><li>Qualit\u00e4tsscans w\u00e4hrend der Produktion<\/li><li>Kosten-Nutzen-Analyse der Betonproduktion<\/li><\/ul>\t\t\t\t\t\t\t\t<\/div>\n\t\t\t\t<\/div>\n\t\t\t\t<div class=\"elementor-element elementor-element-6ddce62 elementor-widget elementor-widget-image\" data-id=\"6ddce62\" data-element_type=\"widget\" data-e-type=\"widget\" data-widget_type=\"image.default\">\n\t\t\t\t<div class=\"elementor-widget-container\">\n\t\t\t\t\t\t\t\t\t\t\t\t\t\t\t<img decoding=\"async\" width=\"500\" height=\"500\" src=\"https:\/\/concrefy.com\/wp-content\/uploads\/2025\/06\/concrefy_consultancy_500x500px.webp\" class=\"attachment-medium_large size-medium_large wp-image-419\" alt=\"\" srcset=\"https:\/\/concrefy.com\/wp-content\/uploads\/2025\/06\/concrefy_consultancy_500x500px.webp 500w, https:\/\/concrefy.com\/wp-content\/uploads\/2025\/06\/concrefy_consultancy_500x500px-300x300.webp 300w, https:\/\/concrefy.com\/wp-content\/uploads\/2025\/06\/concrefy_consultancy_500x500px-150x150.webp 150w\" sizes=\"(max-width: 500px) 100vw, 500px\" \/>\t\t\t\t\t\t\t\t\t\t\t\t\t\t\t<\/div>\n\t\t\t\t<\/div>\n\t\t\t\t\t<\/div>\n\t\t\t\t<\/div>\n\t\t<div class=\"elementor-element elementor-element-9603995 e-flex e-con-boxed e-con e-parent\" data-id=\"9603995\" data-element_type=\"container\" data-e-type=\"container\">\n\t\t\t\t\t<div class=\"e-con-inner\">\n\t\t\t\t<div class=\"elementor-element elementor-element-1956d53 elementor-widget-mobile__width-initial elementor-widget elementor-widget-heading\" data-id=\"1956d53\" data-element_type=\"widget\" data-e-type=\"widget\" data-widget_type=\"heading.default\">\n\t\t\t\t<div class=\"elementor-widget-container\">\n\t\t\t\t\t<h2 class=\"elementor-heading-title elementor-size-default\">Von der Wiege bis zur Wiege im Bauwesen<\/h2>\t\t\t\t<\/div>\n\t\t\t\t<\/div>\n\t\t\t\t<div class=\"elementor-element elementor-element-eca8d5b elementor-widget elementor-widget-text-editor\" data-id=\"eca8d5b\" data-element_type=\"widget\" data-e-type=\"widget\" data-widget_type=\"text-editor.default\">\n\t\t\t\t<div class=\"elementor-widget-container\">\n\t\t\t\t\t\t\t\t\t<p>Die <em>Von der Wiege zur Wiege\u00ae (C2C)<\/em> Prinzip - entwickelt von dem deutschen Chemiker Prof. Dr. Michael Braungart und dem US-Architekten William McDonough in den sp\u00e4ten 1990er Jahren - steht f\u00fcr die Vision einer abfallfreien Wirtschaft.<br \/>Es geht darum, gesunde, wiederverwertbare Materialien zu verwenden und wertvolle Ressourcen in einem kontinuierlichen Kreislauf zu halten.<\/p><p>Da die Nachhaltigkeit zu einem der wichtigsten Faktoren im Bausektor wird, gewinnt die C2C-Idee immer mehr an Aufmerksamkeit. Die Umsetzung bleibt jedoch eine echte Herausforderung - denn sie erfordert das Verlassen der \u201calten Denkweise\u201d.\u201d<\/p><p>Genau da kommen wir ins Spiel: <strong>Denken Sie voraus!<\/strong><\/p><p>Bei Concrefy entwickeln wir die n\u00e4chste Generation von Betontechnologie und Bauverfahren. Unser Ziel ist es, die gesamte Bauindustrie auf dem Weg zu mehr Leistung und echter \u00f6kologischer Verantwortung zu unterst\u00fctzen.<\/p>\t\t\t\t\t\t\t\t<\/div>\n\t\t\t\t<\/div>\n\t\t\t\t\t<\/div>\n\t\t\t\t<\/div>\n\t\t<div class=\"elementor-element elementor-element-75ab6c9 e-con-full e-flex e-con e-parent\" data-id=\"75ab6c9\" data-element_type=\"container\" data-e-type=\"container\">\n\t\t<div class=\"elementor-element elementor-element-5b70381 e-con-full benefits e-flex e-con e-child\" data-id=\"5b70381\" data-element_type=\"container\" data-e-type=\"container\" data-settings=\"{&quot;background_background&quot;:&quot;classic&quot;}\">\n\t\t\t\t<div class=\"elementor-element elementor-element-a3e582f elementor-widget elementor-widget-heading\" data-id=\"a3e582f\" data-element_type=\"widget\" data-e-type=\"widget\" data-widget_type=\"heading.default\">\n\t\t\t\t<div class=\"elementor-widget-container\">\n\t\t\t\t\t<h4 class=\"elementor-heading-title elementor-size-default\">Vorteile<\/h4>\t\t\t\t<\/div>\n\t\t\t\t<\/div>\n\t\t\t\t<div class=\"elementor-element elementor-element-f692421 elementor-widget elementor-widget-text-editor\" data-id=\"f692421\" data-element_type=\"widget\" data-e-type=\"widget\" data-widget_type=\"text-editor.default\">\n\t\t\t\t<div class=\"elementor-widget-container\">\n\t\t\t\t\t\t\t\t\t<ul><li>Mit fortschrittlichem Wissen und pragmatischen L\u00f6sungen schaffen wir Managementinformationen zur Optimierung des Betonbauprozesses.<\/li><li>Concrefy bietet Ihnen eine unabh\u00e4ngige Beratung und einen pragmatischen Ansatz, um Risiken zu begrenzen und Kosten zu reduzieren (Risikoanalysen mit der FEM 3D-Methode).<\/li><li>Interne und externe Qualit\u00e4tskontrollen w\u00e4hrend des Bauprozesses<\/li><li>Rest- und Nutzungsdaueranalysen f\u00fcr Geb\u00e4ude und Bauwerke<\/li><li>Durch den bewussten Umgang mit C2C entwickeln wir die n\u00e4chste Generation der Betontechnologie in bautechnischen Prozessen und helfen Ihnen auf dem Weg zu einem neuen Niveau der Leistungsf\u00e4higkeit und \u00f6kologischen Verantwortung<\/li><\/ul>\t\t\t\t\t\t\t\t<\/div>\n\t\t\t\t<\/div>\n\t\t\t\t<\/div>\n\t\t\t\t<\/div>\n\t\t\t\t<\/div>","protected":false},"excerpt":{"rendered":"<p>Unabh\u00e4ngige technische Beratung zur Unterst\u00fctzung von Betonprojekten mit fachkundiger Beratung zu Qualit\u00e4t, Sicherheit und dauerhafter Leistung.<\/p>","protected":false},"author":5,"featured_media":143,"parent":400,"menu_order":0,"comment_status":"closed","ping_status":"closed","template":"","meta":{"_acf_changed":false,"inline_featured_image":false,"iawp_total_views":18,"footnotes":""},"class_list":["post-141","page","type-page","status-publish","has-post-thumbnail","hentry","page_cat-header"],"acf":[],"yoast_head":"<!-- This site is optimized with the Yoast SEO plugin v27.5 - https:\/\/yoast.com\/product\/yoast-seo-wordpress\/ -->\n<title>Concrete Technical Consultancy Services | Concrefy<\/title>\n<meta name=\"description\" content=\"Independent technical consultancy for concrete projects, supporting quality, safety and durable performance in construction and precast.\" \/>\n<meta name=\"robots\" content=\"index, follow, max-snippet:-1, max-image-preview:large, max-video-preview:-1\" \/>\n<link rel=\"canonical\" href=\"https:\/\/concrefy.com\/de\/dienstleistungen\/beratung\/\" \/>\n<meta property=\"og:locale\" content=\"de_DE\" \/>\n<meta property=\"og:type\" content=\"article\" \/>\n<meta property=\"og:title\" content=\"Concrete Technical Consultancy Services | Concrefy\" \/>\n<meta property=\"og:description\" content=\"Independent technical consultancy for concrete projects, supporting quality, safety and durable performance in construction and precast.\" \/>\n<meta property=\"og:url\" content=\"https:\/\/concrefy.com\/de\/dienstleistungen\/beratung\/\" \/>\n<meta property=\"og:site_name\" content=\"Concrefy\" \/>\n<meta property=\"article:modified_time\" content=\"2026-04-07T14:29:03+00:00\" \/>\n<meta property=\"og:image\" content=\"https:\/\/concrefy.com\/wp-content\/uploads\/2025\/06\/concrefy_keyvisual-consultancy_1280x800px-1024x640-1.png\" \/>\n\t<meta property=\"og:image:width\" content=\"1024\" \/>\n\t<meta property=\"og:image:height\" content=\"640\" \/>\n\t<meta property=\"og:image:type\" content=\"image\/png\" \/>\n<meta name=\"twitter:card\" content=\"summary_large_image\" \/>\n<meta name=\"twitter:label1\" content=\"Gesch\u00e4tzte Lesezeit\" \/>\n\t<meta name=\"twitter:data1\" content=\"3\u00a0Minuten\" \/>\n<script type=\"application\/ld+json\" class=\"yoast-schema-graph\">{\"@context\":\"https:\\\/\\\/schema.org\",\"@graph\":[{\"@type\":\"WebPage\",\"@id\":\"https:\\\/\\\/concrefy.com\\\/services\\\/consultancy\\\/\",\"url\":\"https:\\\/\\\/concrefy.com\\\/services\\\/consultancy\\\/\",\"name\":\"Concrete Technical Consultancy Services | Concrefy\",\"isPartOf\":{\"@id\":\"https:\\\/\\\/concrefy.com\\\/#website\"},\"primaryImageOfPage\":{\"@id\":\"https:\\\/\\\/concrefy.com\\\/services\\\/consultancy\\\/#primaryimage\"},\"image\":{\"@id\":\"https:\\\/\\\/concrefy.com\\\/services\\\/consultancy\\\/#primaryimage\"},\"thumbnailUrl\":\"https:\\\/\\\/concrefy.com\\\/wp-content\\\/uploads\\\/2025\\\/06\\\/concrefy_keyvisual-consultancy_1280x800px-1024x640-1.png\",\"datePublished\":\"2025-06-02T06:58:37+00:00\",\"dateModified\":\"2026-04-07T14:29:03+00:00\",\"description\":\"Independent technical consultancy for concrete projects, supporting quality, safety and durable performance in construction and precast.\",\"breadcrumb\":{\"@id\":\"https:\\\/\\\/concrefy.com\\\/services\\\/consultancy\\\/#breadcrumb\"},\"inLanguage\":\"de\",\"potentialAction\":[{\"@type\":\"ReadAction\",\"target\":[\"https:\\\/\\\/concrefy.com\\\/services\\\/consultancy\\\/\"]}]},{\"@type\":\"ImageObject\",\"inLanguage\":\"de\",\"@id\":\"https:\\\/\\\/concrefy.com\\\/services\\\/consultancy\\\/#primaryimage\",\"url\":\"https:\\\/\\\/concrefy.com\\\/wp-content\\\/uploads\\\/2025\\\/06\\\/concrefy_keyvisual-consultancy_1280x800px-1024x640-1.png\",\"contentUrl\":\"https:\\\/\\\/concrefy.com\\\/wp-content\\\/uploads\\\/2025\\\/06\\\/concrefy_keyvisual-consultancy_1280x800px-1024x640-1.png\",\"width\":1024,\"height\":640},{\"@type\":\"BreadcrumbList\",\"@id\":\"https:\\\/\\\/concrefy.com\\\/services\\\/consultancy\\\/#breadcrumb\",\"itemListElement\":[{\"@type\":\"ListItem\",\"position\":1,\"name\":\"Home\",\"item\":\"https:\\\/\\\/concrefy.com\\\/\"},{\"@type\":\"ListItem\",\"position\":2,\"name\":\"Services &#038; Solutions\",\"item\":\"https:\\\/\\\/concrefy.com\\\/services\\\/\"},{\"@type\":\"ListItem\",\"position\":3,\"name\":\"Consultancy\"}]},{\"@type\":\"WebSite\",\"@id\":\"https:\\\/\\\/concrefy.com\\\/#website\",\"url\":\"https:\\\/\\\/concrefy.com\\\/\",\"name\":\"Concrefy\",\"description\":\"Concrefy | fresh thinking for construction\",\"publisher\":{\"@id\":\"https:\\\/\\\/concrefy.com\\\/#organization\"},\"potentialAction\":[{\"@type\":\"SearchAction\",\"target\":{\"@type\":\"EntryPoint\",\"urlTemplate\":\"https:\\\/\\\/concrefy.com\\\/?s={search_term_string}\"},\"query-input\":{\"@type\":\"PropertyValueSpecification\",\"valueRequired\":true,\"valueName\":\"search_term_string\"}}],\"inLanguage\":\"de\"},{\"@type\":\"Organization\",\"@id\":\"https:\\\/\\\/concrefy.com\\\/#organization\",\"name\":\"Concrefy\",\"url\":\"https:\\\/\\\/concrefy.com\\\/\",\"logo\":{\"@type\":\"ImageObject\",\"inLanguage\":\"de\",\"@id\":\"https:\\\/\\\/concrefy.com\\\/#\\\/schema\\\/logo\\\/image\\\/\",\"url\":\"https:\\\/\\\/concrefy.com\\\/wp-content\\\/uploads\\\/2025\\\/07\\\/cropped-cropped-concrefy-logo-transparant-1.webp\",\"contentUrl\":\"https:\\\/\\\/concrefy.com\\\/wp-content\\\/uploads\\\/2025\\\/07\\\/cropped-cropped-concrefy-logo-transparant-1.webp\",\"width\":512,\"height\":512,\"caption\":\"Concrefy\"},\"image\":{\"@id\":\"https:\\\/\\\/concrefy.com\\\/#\\\/schema\\\/logo\\\/image\\\/\"},\"sameAs\":[\"https:\\\/\\\/www.linkedin.com\\\/company\\\/b-a-s-research-technology\\\/\"]}]}<\/script>\n<!-- \/ Yoast SEO plugin. -->","yoast_head_json":{"title":"Technische Beratungsdienste f\u00fcr Beton | Concrefy","description":"Unabh\u00e4ngige technische Beratung f\u00fcr Betonprojekte, die Qualit\u00e4t, Sicherheit und dauerhafte Leistung im Bauwesen und bei Fertigteilen unterst\u00fctzt.","robots":{"index":"index","follow":"follow","max-snippet":"max-snippet:-1","max-image-preview":"max-image-preview:large","max-video-preview":"max-video-preview:-1"},"canonical":"https:\/\/concrefy.com\/de\/dienstleistungen\/beratung\/","og_locale":"de_DE","og_type":"article","og_title":"Concrete Technical Consultancy Services | Concrefy","og_description":"Independent technical consultancy for concrete projects, supporting quality, safety and durable performance in construction and precast.","og_url":"https:\/\/concrefy.com\/de\/dienstleistungen\/beratung\/","og_site_name":"Concrefy","article_modified_time":"2026-04-07T14:29:03+00:00","og_image":[{"width":1024,"height":640,"url":"https:\/\/concrefy.com\/wp-content\/uploads\/2025\/06\/concrefy_keyvisual-consultancy_1280x800px-1024x640-1.png","type":"image\/png"}],"twitter_card":"summary_large_image","twitter_misc":{"Gesch\u00e4tzte Lesezeit":"3\u00a0Minuten"},"schema":{"@context":"https:\/\/schema.org","@graph":[{"@type":"WebPage","@id":"https:\/\/concrefy.com\/services\/consultancy\/","url":"https:\/\/concrefy.com\/services\/consultancy\/","name":"Technische Beratungsdienste f\u00fcr Beton | Concrefy","isPartOf":{"@id":"https:\/\/concrefy.com\/#website"},"primaryImageOfPage":{"@id":"https:\/\/concrefy.com\/services\/consultancy\/#primaryimage"},"image":{"@id":"https:\/\/concrefy.com\/services\/consultancy\/#primaryimage"},"thumbnailUrl":"https:\/\/concrefy.com\/wp-content\/uploads\/2025\/06\/concrefy_keyvisual-consultancy_1280x800px-1024x640-1.png","datePublished":"2025-06-02T06:58:37+00:00","dateModified":"2026-04-07T14:29:03+00:00","description":"Unabh\u00e4ngige technische Beratung f\u00fcr Betonprojekte, die Qualit\u00e4t, Sicherheit und dauerhafte Leistung im Bauwesen und bei Fertigteilen unterst\u00fctzt.","breadcrumb":{"@id":"https:\/\/concrefy.com\/services\/consultancy\/#breadcrumb"},"inLanguage":"de","potentialAction":[{"@type":"ReadAction","target":["https:\/\/concrefy.com\/services\/consultancy\/"]}]},{"@type":"ImageObject","inLanguage":"de","@id":"https:\/\/concrefy.com\/services\/consultancy\/#primaryimage","url":"https:\/\/concrefy.com\/wp-content\/uploads\/2025\/06\/concrefy_keyvisual-consultancy_1280x800px-1024x640-1.png","contentUrl":"https:\/\/concrefy.com\/wp-content\/uploads\/2025\/06\/concrefy_keyvisual-consultancy_1280x800px-1024x640-1.png","width":1024,"height":640},{"@type":"BreadcrumbList","@id":"https:\/\/concrefy.com\/services\/consultancy\/#breadcrumb","itemListElement":[{"@type":"ListItem","position":1,"name":"Home","item":"https:\/\/concrefy.com\/"},{"@type":"ListItem","position":2,"name":"Services &#038; Solutions","item":"https:\/\/concrefy.com\/services\/"},{"@type":"ListItem","position":3,"name":"Consultancy"}]},{"@type":"WebSite","@id":"https:\/\/concrefy.com\/#website","url":"https:\/\/concrefy.com\/","name":"Concrefy","description":"Concrefy | fresh thinking for construction","publisher":{"@id":"https:\/\/concrefy.com\/#organization"},"potentialAction":[{"@type":"SearchAction","target":{"@type":"EntryPoint","urlTemplate":"https:\/\/concrefy.com\/?s={search_term_string}"},"query-input":{"@type":"PropertyValueSpecification","valueRequired":true,"valueName":"search_term_string"}}],"inLanguage":"de"},{"@type":"Organization","@id":"https:\/\/concrefy.com\/#organization","name":"Concrefy","url":"https:\/\/concrefy.com\/","logo":{"@type":"ImageObject","inLanguage":"de","@id":"https:\/\/concrefy.com\/#\/schema\/logo\/image\/","url":"https:\/\/concrefy.com\/wp-content\/uploads\/2025\/07\/cropped-cropped-concrefy-logo-transparant-1.webp","contentUrl":"https:\/\/concrefy.com\/wp-content\/uploads\/2025\/07\/cropped-cropped-concrefy-logo-transparant-1.webp","width":512,"height":512,"caption":"Concrefy"},"image":{"@id":"https:\/\/concrefy.com\/#\/schema\/logo\/image\/"},"sameAs":["https:\/\/www.linkedin.com\/company\/b-a-s-research-technology\/"]}]}},"_links":{"self":[{"href":"https:\/\/concrefy.com\/de\/wp-json\/wp\/v2\/pages\/141","targetHints":{"allow":["GET"]}}],"collection":[{"href":"https:\/\/concrefy.com\/de\/wp-json\/wp\/v2\/pages"}],"about":[{"href":"https:\/\/concrefy.com\/de\/wp-json\/wp\/v2\/types\/page"}],"author":[{"embeddable":true,"href":"https:\/\/concrefy.com\/de\/wp-json\/wp\/v2\/users\/5"}],"replies":[{"embeddable":true,"href":"https:\/\/concrefy.com\/de\/wp-json\/wp\/v2\/comments?post=141"}],"version-history":[{"count":328,"href":"https:\/\/concrefy.com\/de\/wp-json\/wp\/v2\/pages\/141\/revisions"}],"predecessor-version":[{"id":8456,"href":"https:\/\/concrefy.com\/de\/wp-json\/wp\/v2\/pages\/141\/revisions\/8456"}],"up":[{"embeddable":true,"href":"https:\/\/concrefy.com\/de\/wp-json\/wp\/v2\/pages\/400"}],"wp:featuredmedia":[{"embeddable":true,"href":"https:\/\/concrefy.com\/de\/wp-json\/wp\/v2\/media\/143"}],"wp:attachment":[{"href":"https:\/\/concrefy.com\/de\/wp-json\/wp\/v2\/media?parent=141"}],"curies":[{"name":"wp","href":"https:\/\/api.w.org\/{rel}","templated":true}]}}