{"id":1317,"date":"2025-06-30T06:30:49","date_gmt":"2025-06-30T06:30:49","guid":{"rendered":"https:\/\/62.84.247.78\/~concrefy\/?page_id=1317"},"modified":"2026-04-30T15:05:05","modified_gmt":"2026-04-30T14:05:05","slug":"datenschutzbestimmungen","status":"publish","type":"page","link":"https:\/\/concrefy.com\/de\/privacy-policy\/","title":{"rendered":"Datenschutzbestimmungen"},"content":{"rendered":"<div data-elementor-type=\"wp-page\" data-elementor-id=\"1317\" class=\"elementor elementor-1317\" data-elementor-post-type=\"page\">\n\t\t\t\t<div class=\"elementor-element elementor-element-e4ccfbb pad-l e-flex e-con-boxed e-con e-parent\" data-id=\"e4ccfbb\" data-element_type=\"container\" data-e-type=\"container\">\n\t\t\t\t\t<div class=\"e-con-inner\">\n\t\t\t\t<div class=\"elementor-element elementor-element-69b0e71 elementor-widget elementor-widget-heading\" data-id=\"69b0e71\" data-element_type=\"widget\" data-e-type=\"widget\" data-widget_type=\"heading.default\">\n\t\t\t\t<div class=\"elementor-widget-container\">\n\t\t\t\t\t<h1 class=\"elementor-heading-title elementor-size-default\">Datenschutzbestimmungen<\/h1>\t\t\t\t<\/div>\n\t\t\t\t<\/div>\n\t\t\t\t<div class=\"elementor-element elementor-element-90fef8e elementor-widget elementor-widget-text-editor\" data-id=\"90fef8e\" data-element_type=\"widget\" data-e-type=\"widget\" data-widget_type=\"text-editor.default\">\n\t\t\t\t<div class=\"elementor-widget-container\">\n\t\t\t\t\t\t\t\t\t<strong>Obligatorische Informationen im Rahmen der Europ\u00e4ischen Datenschutzgrundverordnung (GDPR)<\/strong>\nZuletzt aktualisiert: M\u00e4rz 2026\n<h3><strong>I. Objekt<\/strong><\/h3>\n\u201cConcrefy\u201d (Concrefy B.V., Olivier van Noortweg 10, 5928 LX Venlo, Niederlande; verantwortliche Stelle gem. DSGVO) nimmt den Schutz Ihrer pers\u00f6nlichen Daten sehr ernst.\n\nAus diesem Grund verarbeitet Concrefy personenbezogene Daten in \u00dcbereinstimmung mit geltenden Datenschutzgesetzen, insbesondere der Verordnung (EU) 2016\/679 des Europ\u00e4ischen Parlaments und des Rates vom 27. April 2016 zum Schutz nat\u00fcrlicher Personen bei der Verarbeitung personenbezogener Daten, zum freien Datenverkehr und zur Aufhebung der Richtlinie 95\/46\/EG (ABl. L\u00a0119 vom 4.5.2016, S.\u00a089, in der Fassung der Berichtigung gem. ABl. L\u00a0127 vom 23.5.2018, S.\u00a02) (\u201cDSGVO\u201d).\n\n\u201cPersonenbezogene Daten\u201d bezeichnet jegliche Informationen, die sich auf eine identifizierte oder identifizierbare nat\u00fcrliche Person beziehen, wie Name, Adresse, E-Mail-Adresse und IP-Adresse.\n\nZiel dieser Datenschutzerkl\u00e4rung ist es, den Besucher (nachfolgend auch \u201cSie\u201d genannt) \u00fcber den Zweck und den Umfang der Verarbeitung personenbezogener Daten auf der Website zu informieren\n<a href=\"https:\/\/concrefy.com\/de\/\" target=\"_blank\" rel=\"noopener noreferrer\">www.concrefy.com<\/a>.\n\n<strong>Geltungsbereich dieser Datenschutzrichtlinie - Unterscheidung der Dienstleistungen<\/strong>\n\nDiese Datenschutzerkl\u00e4rung gilt f\u00fcr die Beratungs- und Labordienstleistungen von Concrefy B.V.\n\nAb dem 1. Februar 2026 werden die digitalen L\u00f6sungen von Concrefy (einschlie\u00dflich Concremote und zugeh\u00f6riger Systeme) von Doka Nederland B.V. bereitgestellt und betrieben.\n\nPersonenbezogene Daten, die im Zusammenhang mit diesen digitalen L\u00f6sungen verarbeitet werden, werden unter der alleinigen Verantwortung von Doka Nederland B.V. und in \u00dcbereinstimmung mit der eigenen Datenschutzerkl\u00e4rung von Doka verarbeitet.\n\nInformationen dar\u00fcber, wie personenbezogene Daten im Zusammenhang mit digitalen L\u00f6sungen verarbeitet werden, entnehmen Sie bitte der jeweils geltenden Datenschutzerkl\u00e4rung von\n<a href=\"https:\/\/www.doka.com\/en\/home\/dataprivacy\/index\" target=\"_blank\" rel=\"noopener noreferrer\">Doka<\/a>.\n<h3><strong>II. Allgemeine Verarbeitung<\/strong><\/h3>\nConcrefy verarbeitet personenbezogene Daten, soweit dies f\u00fcr den Betrieb dieser Website technisch erforderlich ist, z. B. durch essenzielle Cookies, die f\u00fcr das Login und die Sitzungsverwaltung innerhalb des Concrefy-Kundenportals erforderlich sind, wenn Sie uns per E-Mail kontaktieren, und ggf. auf der Grundlage Ihrer Zustimmung zur Nutzung von Diensten Dritter.\n\nDiese Website verwendet Cookies und \u00e4hnliche Technologien.\n\nCookies, die f\u00fcr den Betrieb der Website unbedingt erforderlich sind, werden ohne Ihre Zustimmung gespeichert.\n\nAlle anderen Cookies und Technologien, insbesondere solche, die sich auf Einstellungen, eingebettete Inhalte oder Marketingzwecke beziehen, werden nur mit Ihrer vorherigen Zustimmung verwendet.\n\nIm Rahmen der geltenden Datenschutzbestimmungen kann Concrefy externe Dienstleister damit beauftragen, personenbezogene Daten in seinem Namen zu verarbeiten. Diese Dienstleister fungieren als Auftragsverarbeiter im Sinne von Artikel 4(8) GDPR.\n\nDie Rechtsgrundlage f\u00fcr die Beauftragung solcher Auftragsverarbeiter ist das berechtigte Interesse von Concrefy gem\u00e4\u00df Artikel 6 Absatz 1 Buchstabe f) GDPR am Betrieb, der Pflege und der Verbesserung seiner Website und seiner Dienste.\n\nConcrefy B.V. bleibt f\u00fcr den Schutz der \u00fcber diese Website verarbeiteten personenbezogenen Daten verantwortlich.\n\nSoweit Concrefy Dritte als Dienstleister (Auftragsverarbeiter) einsetzt, verarbeiten diese personenbezogene Daten ausschlie\u00dflich im Auftrag und nach den Weisungen von Concrefy B.V. und den mit ihnen abgeschlossenen geltenden Datenverarbeitungsvertr\u00e4gen.\n\nConcrefy gew\u00e4hrleistet die Sicherheit personenbezogener Daten durch angemessene vertragliche Schutzvorkehrungen sowie technische und organisatorische Ma\u00dfnahmen.\n\nWenn Sie diese Website ausschlie\u00dflich zu Informationszwecken nutzen, also nicht aktiv Daten bereitstellen oder anderweitig Daten an uns \u00fcbermitteln, werden lediglich die von Ihrem Browser \u00fcbermittelten personenbezogenen Daten erhoben.\n\nDiese Daten werden aus technischen Gr\u00fcnden erhoben, um die Website korrekt darzustellen und um deren Stabilit\u00e4t und Sicherheit zu gew\u00e4hrleisten.\n\nDazu k\u00f6nnen die folgenden Informationen geh\u00f6ren:\n<ul>\n \t<li>IP-Adresse<\/li>\n \t<li>Datum und Uhrzeit der Anfrage<\/li>\n \t<li>angeforderte Inhalte (spezifische Seiten)<\/li>\n \t<li>Zugriffsstatus \/ HTTP-Statuscode<\/li>\n \t<li>Datenmenge \u00fcbertragen<\/li>\n \t<li>referenz-Webseite<\/li>\n \t<li>Betriebssystem und Benutzeroberfl\u00e4che<\/li>\n \t<li>Sprache und Version der Browser-Software<\/li>\n \t<li>Browsertyp<\/li>\n \t<li>Bildschirmgr\u00f6\u00dfe und Betriebssystem<\/li>\n<\/ul>\nDie Rechtsgrundlage f\u00fcr diese Verarbeitung ist Artikel 6 Absatz 1 Buchstabe f DSGVO.\n\nDiese Website verwendet datenschutzfreundliche Analysetools, um die allgemeine Nutzung der Website zu verstehen. Diese Analysetools verzichten auf Cookies und verarbeiten keine personenbezogenen Daten.\n\nDiese Website kann Links zu externen Websites enthalten, die ausschlie\u00dflich zu Informationszwecken bereitgestellt werden. Diese Websites werden nicht von Concrefy B.V. kontrolliert und fallen daher nicht unter den Geltungsbereich dieser Datenschutzerkl\u00e4rung.\n\nWenn Sie auf solche Websites Dritter zugreifen, k\u00f6nnen die Betreiber dieser Websites personenbezogene Daten gem\u00e4\u00df ihren eigenen Datenschutzrichtlinien erheben und verarbeiten.\n<h3><strong>III. Dauer der Lagerung<\/strong><\/h3>\nIm Allgemeinen speichert Concrefy personenbezogene Daten nur so lange, wie es zur Erf\u00fcllung des Zwecks, f\u00fcr den die Daten erhoben wurden, erforderlich ist.\n\nPersonenbezogene Daten, die von Ihrem Browser \u00fcbermittelt und von dieser Website in Form von Protokolldateien bei Besuchen zu Informationszwecken erhoben werden, werden in der Regel f\u00fcr einen begrenzten Zeitraum, in der Regel bis zu einem Jahr, gespeichert.\n\nNach Ablauf dieses Zeitraums werden die Protokolldateien nur dann aufbewahrt, wenn dies zur Untersuchung von Unregelm\u00e4\u00dfigkeiten oder Sicherheitsvorf\u00e4llen in unseren Systemen erforderlich ist.\n\nWerden personenbezogene Daten im Zusammenhang mit vertraglichen Beziehungen oder gesch\u00e4ftlicher Kommunikation verarbeitet, kann Concrefy diese Daten f\u00fcr die Dauer der vertraglichen Beziehung und danach in \u00dcbereinstimmung mit den geltenden gesetzlichen Aufbewahrungspflichten nach niederl\u00e4ndischem und europ\u00e4ischem Recht aufbewahren.\n\nPersonenbezogene Daten k\u00f6nnen auch gespeichert werden, wenn dies f\u00fcr die Begr\u00fcndung, Aus\u00fcbung oder Verteidigung von Rechtsanspr\u00fcchen erforderlich ist.\n\nSobald die entsprechenden Aufbewahrungsfristen abgelaufen sind und kein legitimer Zweck f\u00fcr die weitere Speicherung besteht, werden die personenbezogenen Daten gel\u00f6scht oder anonymisiert.\n<h3><strong>IV. Spezifische Verarbeitung<\/strong><\/h3>\n<strong>Selbst gehostete Videoinhalte<\/strong>\n\nDie Videos auf dieser Website werden auf unseren eigenen Servern gehostet und sind nicht auf externe Plattformen wie Vimeo oder YouTube angewiesen. Beim Ansehen dieser Videos werden keine Tracking-Cookies gesetzt und keine pers\u00f6nlichen Daten an Drittanbieter weitergegeben.\n\nDie Rechtsgrundlage f\u00fcr diese Verarbeitung ist Artikel 6 Abs. 1 lit. f) DSGVO (berechtigtes Interesse an der Bereitstellung von Website-Inhalten).\n\n<strong>Externe Links zu Drittanbieter-Plattformen<\/strong>\n\nDiese Website kann Links zu externen Plattformen wie LinkedIn enthalten. Wenn Sie auf einen solchen Link klicken, verlassen Sie unsere Website. Der jeweilige Anbieter ist f\u00fcr die Verarbeitung personenbezogener Daten auf diesen externen Websites verantwortlich.\n\n<h4><strong>Drittanbieterdienste und Cookies<\/strong><\/h4>\n\nDiese Website nutzt keine Drittanbieterdienste f\u00fcr eingebettete Inhalte wie Videos.\n\nSollten zuk\u00fcnftig Drittanbieterdienste zum Einsatz kommen, werden diese erst mit Ihrer Zustimmung aktiviert und k\u00f6nnen die Verwendung von Cookies oder \u00e4hnlichen Technologien beinhalten.\n\nRechtsgrundlage f\u00fcr eine solche Verarbeitung ist Ihre Einwilligung gem\u00e4\u00df Art. 6 Abs. 1 lit. a DSGVO.\n\nIhre Einwilligung k\u00f6nnen Sie jederzeit \u00fcber die Cookie-Einstellungen auf dieser Website widerrufen oder \u00e4ndern.\t\t\t\t\t\t\t\t<\/div>\n\t\t\t\t<\/div>\n\t\t\t\t<div class=\"elementor-element elementor-element-c47193a elementor-widget elementor-widget-html\" data-id=\"c47193a\" data-element_type=\"widget\" data-e-type=\"widget\" data-widget_type=\"html.default\">\n\t\t\t\t<div class=\"elementor-widget-container\">\n\t\t\t\t\t<span style=\"cursor:pointer; text-decoration:underline;\" onclick=\"Cookiebot.renew(); return false;\">\u00c4ndern Sie Ihre Zustimmung<\/span>\t\t\t\t<\/div>\n\t\t\t\t<\/div>\n\t\t\t\t<div class=\"elementor-element elementor-element-ea38b32 elementor-widget elementor-widget-text-editor\" data-id=\"ea38b32\" data-element_type=\"widget\" data-e-type=\"widget\" data-widget_type=\"text-editor.default\">\n\t\t\t\t<div class=\"elementor-widget-container\">\n\t\t\t\t\t\t\t\t\t<h3><strong>V. Ihre Rechte als betroffene Person und Ansprechpartner<\/strong><\/h3><p>Concrefy weist darauf hin, dass der Nutzer als Betroffener im Sinne der DSGVO bestimmte Rechte hinsichtlich der Verarbeitung seiner personenbezogenen Daten hat, insbesondere das Recht:<\/p><ul><li>zu \u00fcberpr\u00fcfen, ob und welche pers\u00f6nlichen Daten Concrefy \u00fcber Sie gespeichert hat, und eine Kopie dieser Daten zu erhalten (Auskunftsrecht)<\/li><li>die Berichtigung, Vervollst\u00e4ndigung oder L\u00f6schung von personenbezogenen Daten zu verlangen, die unrichtig oder unvollst\u00e4ndig sind oder nicht in \u00dcbereinstimmung mit den gesetzlichen Bestimmungen verarbeitet werden (Recht auf Berichtigung und L\u00f6schung)<\/li><li>Concrefy aufzufordern, die Verarbeitung Ihrer personenbezogenen Daten einzuschr\u00e4nken (Recht auf Einschr\u00e4nkung der Verarbeitung)<\/li><li>der Verarbeitung Ihrer personenbezogenen Daten unter bestimmten Umst\u00e4nden zu widersprechen oder eine zuvor erteilte Einwilligung zur Verarbeitung zu widerrufen (Recht auf Widerspruch oder Widerruf der Einwilligung)<\/li><li>die von Ihnen zur Verf\u00fcgung gestellten personenbezogenen Daten von Concrefy in einem strukturierten, g\u00e4ngigen und maschinenlesbaren Format zu erhalten und diese Daten an einen anderen Verantwortlichen zu \u00fcbermitteln (Recht auf Daten\u00fcbertragbarkeit)<\/li><\/ul><p>Concrefy verarbeitet Ihre personenbezogenen Daten nicht zum Zweck der Entscheidungsfindung, die ausschlie\u00dflich auf einer automatisierten Verarbeitung, einschlie\u00dflich Profiling, im Sinne von Artikel 22 DSGVO beruht.<\/p><p>Um diese Rechte auszu\u00fcben oder wenn Sie Fragen zur Verarbeitung Ihrer personenbezogenen Daten haben, schreiben Sie bitte an:<\/p><p>Concrefy B.V.<br \/>Olivier van Noortweg 10<br \/>5928 LX Venlo<br \/>Die Niederlande<br \/>E-Mail: <a href=\"mailto:office@concrefy.com\">office@concrefy.com<\/a><\/p><p>Nach dem Datenschutzrecht haben Nutzer auch das Recht, Beschwerde bei der niederl\u00e4ndischen Datenschutzbeh\u00f6rde einzulegen:<br \/><a href=\"https:\/\/www.autoriteitpersoonsgegevens.nl\/en\" target=\"_blank\" rel=\"noopener noreferrer\">https:\/\/www.autoriteitpersoonsgegevens.nl\/en<\/a><\/p><h3><strong>VI. \u00c4nderungen der Datenschutzrichtlinie<\/strong><\/h3><p>Concrefy aktualisiert seine Website regelm\u00e4\u00dfig. Dies kann auch \u00c4nderungen an der Datenschutzerkl\u00e4rung beinhalten.<\/p><p>Es wird keine gesonderte Mitteilung \u00fcber solche \u00c4nderungen erfolgen. Wir empfehlen Ihnen daher, diese Datenschutzerkl\u00e4rung regelm\u00e4\u00dfig zu pr\u00fcfen.<\/p><p>\u00a0<\/p>\t\t\t\t\t\t\t\t<\/div>\n\t\t\t\t<\/div>\n\t\t\t\t\t<\/div>\n\t\t\t\t<\/div>\n\t\t\t\t<\/div>","protected":false},"excerpt":{"rendered":"<p>Informationen dar\u00fcber, wie Concrefy B.V. personenbezogene Daten in \u00dcbereinstimmung mit den geltenden Vorschriften verarbeitet und sch\u00fctzt.<\/p>","protected":false},"author":5,"featured_media":7688,"parent":0,"menu_order":0,"comment_status":"closed","ping_status":"closed","template":"elementor_header_footer","meta":{"_acf_changed":false,"inline_featured_image":false,"iawp_total_views":118,"footnotes":""},"class_list":["post-1317","page","type-page","status-publish","has-post-thumbnail","hentry","page_cat-footer"],"acf":[],"yoast_head":"<!-- This site is optimized with the Yoast SEO plugin v27.5 - https:\/\/yoast.com\/product\/yoast-seo-wordpress\/ -->\n<title>Privacy Policy | Concrefy B.V.<\/title>\n<meta name=\"description\" content=\"This Privacy Policy explains how Concrefy B.V. collects, processes and protects personal data in accordance with applicable data protection laws.\" \/>\n<meta name=\"robots\" content=\"index, follow, max-snippet:-1, max-image-preview:large, max-video-preview:-1\" \/>\n<link rel=\"canonical\" href=\"https:\/\/concrefy.com\/de\/datenschutzbestimmungen\/\" \/>\n<meta property=\"og:locale\" content=\"de_DE\" \/>\n<meta property=\"og:type\" content=\"article\" \/>\n<meta property=\"og:title\" content=\"Privacy Policy | Concrefy B.V.\" \/>\n<meta property=\"og:description\" content=\"This Privacy Policy explains how Concrefy B.V. collects, processes and protects personal data in accordance with applicable data protection laws.\" \/>\n<meta property=\"og:url\" content=\"https:\/\/concrefy.com\/de\/datenschutzbestimmungen\/\" \/>\n<meta property=\"og:site_name\" content=\"Concrefy\" \/>\n<meta property=\"article:modified_time\" content=\"2026-04-30T14:05:05+00:00\" \/>\n<meta property=\"og:image\" content=\"https:\/\/concrefy.com\/wp-content\/uploads\/2026\/02\/concrefy-dunkelblau-FI.png\" \/>\n\t<meta property=\"og:image:width\" content=\"1200\" \/>\n\t<meta property=\"og:image:height\" content=\"675\" \/>\n\t<meta property=\"og:image:type\" content=\"image\/png\" \/>\n<meta name=\"twitter:card\" content=\"summary_large_image\" \/>\n<meta name=\"twitter:label1\" content=\"Gesch\u00e4tzte Lesezeit\" \/>\n\t<meta name=\"twitter:data1\" content=\"6\u00a0Minuten\" \/>\n<script type=\"application\/ld+json\" class=\"yoast-schema-graph\">{\"@context\":\"https:\\\/\\\/schema.org\",\"@graph\":[{\"@type\":\"WebPage\",\"@id\":\"https:\\\/\\\/concrefy.com\\\/privacy-policy\\\/\",\"url\":\"https:\\\/\\\/concrefy.com\\\/privacy-policy\\\/\",\"name\":\"Privacy Policy | Concrefy B.V.\",\"isPartOf\":{\"@id\":\"https:\\\/\\\/concrefy.com\\\/#website\"},\"primaryImageOfPage\":{\"@id\":\"https:\\\/\\\/concrefy.com\\\/privacy-policy\\\/#primaryimage\"},\"image\":{\"@id\":\"https:\\\/\\\/concrefy.com\\\/privacy-policy\\\/#primaryimage\"},\"thumbnailUrl\":\"https:\\\/\\\/concrefy.com\\\/wp-content\\\/uploads\\\/2026\\\/02\\\/concrefy-dunkelblau-FI.png\",\"datePublished\":\"2025-06-30T06:30:49+00:00\",\"dateModified\":\"2026-04-30T14:05:05+00:00\",\"description\":\"This Privacy Policy explains how Concrefy B.V. collects, processes and protects personal data in accordance with applicable data protection laws.\",\"breadcrumb\":{\"@id\":\"https:\\\/\\\/concrefy.com\\\/privacy-policy\\\/#breadcrumb\"},\"inLanguage\":\"de\",\"potentialAction\":[{\"@type\":\"ReadAction\",\"target\":[\"https:\\\/\\\/concrefy.com\\\/privacy-policy\\\/\"]}]},{\"@type\":\"ImageObject\",\"inLanguage\":\"de\",\"@id\":\"https:\\\/\\\/concrefy.com\\\/privacy-policy\\\/#primaryimage\",\"url\":\"https:\\\/\\\/concrefy.com\\\/wp-content\\\/uploads\\\/2026\\\/02\\\/concrefy-dunkelblau-FI.png\",\"contentUrl\":\"https:\\\/\\\/concrefy.com\\\/wp-content\\\/uploads\\\/2026\\\/02\\\/concrefy-dunkelblau-FI.png\",\"width\":1200,\"height\":675},{\"@type\":\"BreadcrumbList\",\"@id\":\"https:\\\/\\\/concrefy.com\\\/privacy-policy\\\/#breadcrumb\",\"itemListElement\":[{\"@type\":\"ListItem\",\"position\":1,\"name\":\"Home\",\"item\":\"https:\\\/\\\/concrefy.com\\\/\"},{\"@type\":\"ListItem\",\"position\":2,\"name\":\"Privacy Policy\"}]},{\"@type\":\"WebSite\",\"@id\":\"https:\\\/\\\/concrefy.com\\\/#website\",\"url\":\"https:\\\/\\\/concrefy.com\\\/\",\"name\":\"Concrefy\",\"description\":\"Concrefy | fresh thinking for construction\",\"publisher\":{\"@id\":\"https:\\\/\\\/concrefy.com\\\/#organization\"},\"potentialAction\":[{\"@type\":\"SearchAction\",\"target\":{\"@type\":\"EntryPoint\",\"urlTemplate\":\"https:\\\/\\\/concrefy.com\\\/?s={search_term_string}\"},\"query-input\":{\"@type\":\"PropertyValueSpecification\",\"valueRequired\":true,\"valueName\":\"search_term_string\"}}],\"inLanguage\":\"de\"},{\"@type\":\"Organization\",\"@id\":\"https:\\\/\\\/concrefy.com\\\/#organization\",\"name\":\"Concrefy\",\"url\":\"https:\\\/\\\/concrefy.com\\\/\",\"logo\":{\"@type\":\"ImageObject\",\"inLanguage\":\"de\",\"@id\":\"https:\\\/\\\/concrefy.com\\\/#\\\/schema\\\/logo\\\/image\\\/\",\"url\":\"https:\\\/\\\/concrefy.com\\\/wp-content\\\/uploads\\\/2025\\\/07\\\/cropped-cropped-concrefy-logo-transparant-1.webp\",\"contentUrl\":\"https:\\\/\\\/concrefy.com\\\/wp-content\\\/uploads\\\/2025\\\/07\\\/cropped-cropped-concrefy-logo-transparant-1.webp\",\"width\":512,\"height\":512,\"caption\":\"Concrefy\"},\"image\":{\"@id\":\"https:\\\/\\\/concrefy.com\\\/#\\\/schema\\\/logo\\\/image\\\/\"},\"sameAs\":[\"https:\\\/\\\/www.linkedin.com\\\/company\\\/b-a-s-research-technology\\\/\"]}]}<\/script>\n<!-- \/ Yoast SEO plugin. -->","yoast_head_json":{"title":"Datenschutzrichtlinie | Concrefy B.V.","description":"In dieser Datenschutzrichtlinie wird erl\u00e4utert, wie Concrefy B.V. personenbezogene Daten in \u00dcbereinstimmung mit den geltenden Datenschutzgesetzen erfasst, verarbeitet und sch\u00fctzt.","robots":{"index":"index","follow":"follow","max-snippet":"max-snippet:-1","max-image-preview":"max-image-preview:large","max-video-preview":"max-video-preview:-1"},"canonical":"https:\/\/concrefy.com\/de\/datenschutzbestimmungen\/","og_locale":"de_DE","og_type":"article","og_title":"Privacy Policy | Concrefy B.V.","og_description":"This Privacy Policy explains how Concrefy B.V. collects, processes and protects personal data in accordance with applicable data protection laws.","og_url":"https:\/\/concrefy.com\/de\/datenschutzbestimmungen\/","og_site_name":"Concrefy","article_modified_time":"2026-04-30T14:05:05+00:00","og_image":[{"width":1200,"height":675,"url":"https:\/\/concrefy.com\/wp-content\/uploads\/2026\/02\/concrefy-dunkelblau-FI.png","type":"image\/png"}],"twitter_card":"summary_large_image","twitter_misc":{"Gesch\u00e4tzte Lesezeit":"6\u00a0Minuten"},"schema":{"@context":"https:\/\/schema.org","@graph":[{"@type":"WebPage","@id":"https:\/\/concrefy.com\/privacy-policy\/","url":"https:\/\/concrefy.com\/privacy-policy\/","name":"Datenschutzrichtlinie | Concrefy B.V.","isPartOf":{"@id":"https:\/\/concrefy.com\/#website"},"primaryImageOfPage":{"@id":"https:\/\/concrefy.com\/privacy-policy\/#primaryimage"},"image":{"@id":"https:\/\/concrefy.com\/privacy-policy\/#primaryimage"},"thumbnailUrl":"https:\/\/concrefy.com\/wp-content\/uploads\/2026\/02\/concrefy-dunkelblau-FI.png","datePublished":"2025-06-30T06:30:49+00:00","dateModified":"2026-04-30T14:05:05+00:00","description":"In dieser Datenschutzrichtlinie wird erl\u00e4utert, wie Concrefy B.V. personenbezogene Daten in \u00dcbereinstimmung mit den geltenden Datenschutzgesetzen erfasst, verarbeitet und sch\u00fctzt.","breadcrumb":{"@id":"https:\/\/concrefy.com\/privacy-policy\/#breadcrumb"},"inLanguage":"de","potentialAction":[{"@type":"ReadAction","target":["https:\/\/concrefy.com\/privacy-policy\/"]}]},{"@type":"ImageObject","inLanguage":"de","@id":"https:\/\/concrefy.com\/privacy-policy\/#primaryimage","url":"https:\/\/concrefy.com\/wp-content\/uploads\/2026\/02\/concrefy-dunkelblau-FI.png","contentUrl":"https:\/\/concrefy.com\/wp-content\/uploads\/2026\/02\/concrefy-dunkelblau-FI.png","width":1200,"height":675},{"@type":"BreadcrumbList","@id":"https:\/\/concrefy.com\/privacy-policy\/#breadcrumb","itemListElement":[{"@type":"ListItem","position":1,"name":"Home","item":"https:\/\/concrefy.com\/"},{"@type":"ListItem","position":2,"name":"Privacy Policy"}]},{"@type":"WebSite","@id":"https:\/\/concrefy.com\/#website","url":"https:\/\/concrefy.com\/","name":"Concrefy","description":"Concrefy | fresh thinking for construction","publisher":{"@id":"https:\/\/concrefy.com\/#organization"},"potentialAction":[{"@type":"SearchAction","target":{"@type":"EntryPoint","urlTemplate":"https:\/\/concrefy.com\/?s={search_term_string}"},"query-input":{"@type":"PropertyValueSpecification","valueRequired":true,"valueName":"search_term_string"}}],"inLanguage":"de"},{"@type":"Organization","@id":"https:\/\/concrefy.com\/#organization","name":"Concrefy","url":"https:\/\/concrefy.com\/","logo":{"@type":"ImageObject","inLanguage":"de","@id":"https:\/\/concrefy.com\/#\/schema\/logo\/image\/","url":"https:\/\/concrefy.com\/wp-content\/uploads\/2025\/07\/cropped-cropped-concrefy-logo-transparant-1.webp","contentUrl":"https:\/\/concrefy.com\/wp-content\/uploads\/2025\/07\/cropped-cropped-concrefy-logo-transparant-1.webp","width":512,"height":512,"caption":"Concrefy"},"image":{"@id":"https:\/\/concrefy.com\/#\/schema\/logo\/image\/"},"sameAs":["https:\/\/www.linkedin.com\/company\/b-a-s-research-technology\/"]}]}},"_links":{"self":[{"href":"https:\/\/concrefy.com\/de\/wp-json\/wp\/v2\/pages\/1317","targetHints":{"allow":["GET"]}}],"collection":[{"href":"https:\/\/concrefy.com\/de\/wp-json\/wp\/v2\/pages"}],"about":[{"href":"https:\/\/concrefy.com\/de\/wp-json\/wp\/v2\/types\/page"}],"author":[{"embeddable":true,"href":"https:\/\/concrefy.com\/de\/wp-json\/wp\/v2\/users\/5"}],"replies":[{"embeddable":true,"href":"https:\/\/concrefy.com\/de\/wp-json\/wp\/v2\/comments?post=1317"}],"version-history":[{"count":145,"href":"https:\/\/concrefy.com\/de\/wp-json\/wp\/v2\/pages\/1317\/revisions"}],"predecessor-version":[{"id":8598,"href":"https:\/\/concrefy.com\/de\/wp-json\/wp\/v2\/pages\/1317\/revisions\/8598"}],"wp:featuredmedia":[{"embeddable":true,"href":"https:\/\/concrefy.com\/de\/wp-json\/wp\/v2\/media\/7688"}],"wp:attachment":[{"href":"https:\/\/concrefy.com\/de\/wp-json\/wp\/v2\/media?parent=1317"}],"curies":[{"name":"wp","href":"https:\/\/api.w.org\/{rel}","templated":true}]}}