{"id":1309,"date":"2025-06-30T06:28:33","date_gmt":"2025-06-30T06:28:33","guid":{"rendered":"https:\/\/62.84.247.78\/~concrefy\/?page_id=1309"},"modified":"2026-02-16T15:27:03","modified_gmt":"2026-02-16T14:27:03","slug":"impressum","status":"publish","type":"page","link":"https:\/\/concrefy.com\/de\/imprint\/","title":{"rendered":"Impressum"},"content":{"rendered":"<div data-elementor-type=\"wp-page\" data-elementor-id=\"1309\" class=\"elementor elementor-1309\" data-elementor-post-type=\"page\">\n\t\t\t\t<div class=\"elementor-element elementor-element-77c88af e-flex e-con-boxed e-con e-parent\" data-id=\"77c88af\" data-element_type=\"container\" data-e-type=\"container\">\n\t\t\t\t\t<div class=\"e-con-inner\">\n\t\t\t\t<div class=\"elementor-element elementor-element-fdae150 elementor-widget elementor-widget-heading\" data-id=\"fdae150\" data-element_type=\"widget\" data-e-type=\"widget\" data-widget_type=\"heading.default\">\n\t\t\t\t<div class=\"elementor-widget-container\">\n\t\t\t\t\t<h1 class=\"elementor-heading-title elementor-size-default\">Rechtliche Hinweise - Impressum<\/h1>\t\t\t\t<\/div>\n\t\t\t\t<\/div>\n\t\t\t\t<div class=\"elementor-element elementor-element-6e475d2 elementor-widget elementor-widget-text-editor\" data-id=\"6e475d2\" data-element_type=\"widget\" data-e-type=\"widget\" data-widget_type=\"text-editor.default\">\n\t\t\t\t<div class=\"elementor-widget-container\">\n\t\t\t\t\t\t\t\t\t<p><b>Website-Betreiber\/Medieninhaber: Concrefy B.V.<\/b><\/p><p>Concrefy B.V.<br \/>Olivier van Noortweg 10<br \/>5928 LX Venlo | Die Niederlande<br \/>info@concrefy.com<br \/>www.concrefy.com<\/p>\t\t\t\t\t\t\t\t<\/div>\n\t\t\t\t<\/div>\n\t\t\t\t<div class=\"elementor-element elementor-element-1d7f3bf elementor-widget elementor-widget-text-editor\" data-id=\"1d7f3bf\" data-element_type=\"widget\" data-e-type=\"widget\" data-widget_type=\"text-editor.default\">\n\t\t\t\t<div class=\"elementor-widget-container\">\n\t\t\t\t\t\t\t\t\t<p><b>Concrefy B.V.<br \/><\/b>Registergericht der Gesellschaft: Roermond<br \/>Firmenbuchnummer: 51652293<br \/>USt-IdNr.: NL850112680B01<br \/>Eingetragener Sitz der Gesellschaft: Venlo<br \/>Der Vorstand: H.G.M.H. Roebroeks, Johann Peneder<\/p>\t\t\t\t\t\t\t\t<\/div>\n\t\t\t\t<\/div>\n\t\t\t\t<div class=\"elementor-element elementor-element-5dfee2e elementor-widget elementor-widget-text-editor\" data-id=\"5dfee2e\" data-element_type=\"widget\" data-e-type=\"widget\" data-widget_type=\"text-editor.default\">\n\t\t\t\t<div class=\"elementor-widget-container\">\n\t\t\t\t\t\t\t\t\t<p><b>Begrenzung der Haftung<br \/><\/b>Concrefy erstellt und pflegt die Inhalte dieser Website mit der gr\u00f6\u00dftm\u00f6glichen Sorgfalt. Dennoch \u00fcbernimmt Concrefy keine Verantwortung f\u00fcr die auf dieser Website bereitgestellten Informationen und schlie\u00dft jegliche Haftung f\u00fcr Informationen aus, die sich auf der Concrefy-Website als falsch oder unvollst\u00e4ndig erweisen. Die Verantwortung f\u00fcr die Art und Weise, wie die auf der Concrefy-Website zur Verf\u00fcgung gestellten (und damit frei zug\u00e4nglichen) Informationen genutzt und gehandhabt werden, liegt allein beim Nutzer. Concrefy stellt die Inhalte seiner Website bis auf weiteres kostenlos und ausschlie\u00dflich zu Informationszwecken zur Verf\u00fcgung und betont, dass durch die blo\u00dfe Nutzung der Website keinerlei vertragliche Beziehung zwischen dem Nutzer und Concrefy zustande kommt.<\/p><p><b>Ausschluss der Haftung f\u00fcr externe Links<br \/><\/b>Concrefy bietet auf seiner Website Links zu anderen Websites an. Diese elektronischen Querverweise er\u00f6ffnen den Zugang zu Informationen und Inhalten Dritter, die sich Concrefy zu keinem Zeitpunkt zu eigen macht. Concrefy ist f\u00fcr diese Inhalte nicht verantwortlich; die Haftung liegt beim jeweiligen Eigent\u00fcmer\/Betreiber der Website. Concrefy unternimmt alle m\u00f6glichen und zumutbaren Anstrengungen, um vor der Verlinkung seiner Website mit einer fremden Website festzustellen, dass die betreffende Seite keine offensichtlich rechtswidrigen Inhalte enth\u00e4lt. Concrefy hat jedoch keinen Einfluss auf den Inhalt und die Gestaltung dieser verlinkten Seiten, eine st\u00e4ndige Kontrolle der externen Links ist nicht zumutbar. Sobald Concrefy Kenntnis von rechtswidrigen Inhalten auf einer verlinkten Website erh\u00e4lt, werden die entsprechenden Links unverz\u00fcglich entfernt.<\/p><p><b>Urheberrecht<\/b><br \/>Sofern nicht anders angegeben, liegt das Urheberrecht f\u00fcr alle auf der Concrefy-Website bereitgestellten Dokumente und f\u00fcr die darin verwendeten Materialien ausschlie\u00dflich bei Concrefy. Das Herunterladen, Drucken und Speichern von Dateien dieser Website ist nur f\u00fcr den privaten Gebrauch gestattet; jede dar\u00fcber hinausgehende Nutzung bedarf der ausdr\u00fccklichen Zustimmung von Concrefy.<\/p><p><b>Unternehmensgegenstand der Gesellschaft<br \/><\/b>Entwicklung zukunftsorientierter, innovativer Betontechnologien sowie Beratung zur Optimierung von Bauverfahren, Prozessen und Materialien f\u00fcr den Hochbau und alle damit verbundenen T\u00e4tigkeiten.<\/p><p><strong>Hinweis zu digitalen L\u00f6sungen:<\/strong><br \/>Ab dem <strong>1. Februar 2026<\/strong>, Die digitalen L\u00f6sungen von Concrefy (einschlie\u00dflich Concremote und zugeh\u00f6riger Systeme) werden nicht mehr von Concrefy B.V. angeboten, sondern vollst\u00e4ndig auf die Concrefy B.V. \u00fcbertragen und von dieser betrieben. <strong>Doka Nederland B.V.<\/strong>. Die Verantwortung f\u00fcr diese digitalen L\u00f6sungen und die damit verbundene Datenverarbeitung liegt ausschlie\u00dflich bei Doka Nederland B.V.<\/p><p><b>Concrefy B.V.<br \/><\/b><a href=\"mailto:info@concrefy.com\">info@concrefy.com<br \/><\/a>www.concrefy.com<\/p>\t\t\t\t\t\t\t\t<\/div>\n\t\t\t\t<\/div>\n\t\t\t\t\t<\/div>\n\t\t\t\t<\/div>\n\t\t\t\t<\/div>","protected":false},"excerpt":{"rendered":"<p>Offizielle Unternehmensinformationen und gesetzliche Angaben von Concrefy B.V.<\/p>","protected":false},"author":5,"featured_media":7688,"parent":0,"menu_order":0,"comment_status":"closed","ping_status":"closed","template":"","meta":{"_acf_changed":false,"inline_featured_image":false,"iawp_total_views":8,"footnotes":""},"class_list":["post-1309","page","type-page","status-publish","has-post-thumbnail","hentry","page_cat-footer"],"acf":[],"yoast_head":"<!-- This site is optimized with the Yoast SEO plugin v27.5 - https:\/\/yoast.com\/product\/yoast-seo-wordpress\/ -->\n<title>Imprint | Concrefy B.V.<\/title>\n<meta name=\"description\" content=\"Legal information and company details of Concrefy B.V., including registered office, contact information and statutory disclosures.\" \/>\n<meta name=\"robots\" content=\"index, follow, max-snippet:-1, max-image-preview:large, max-video-preview:-1\" \/>\n<link rel=\"canonical\" href=\"https:\/\/concrefy.com\/de\/impressum\/\" \/>\n<meta property=\"og:locale\" content=\"de_DE\" \/>\n<meta property=\"og:type\" content=\"article\" \/>\n<meta property=\"og:title\" content=\"Imprint | Concrefy B.V.\" \/>\n<meta property=\"og:description\" content=\"Legal information and company details of Concrefy B.V., including registered office, contact information and statutory disclosures.\" \/>\n<meta property=\"og:url\" content=\"https:\/\/concrefy.com\/de\/impressum\/\" \/>\n<meta property=\"og:site_name\" content=\"Concrefy\" \/>\n<meta property=\"article:modified_time\" content=\"2026-02-16T14:27:03+00:00\" \/>\n<meta property=\"og:image\" content=\"https:\/\/concrefy.com\/wp-content\/uploads\/2026\/02\/concrefy-dunkelblau-FI.png\" \/>\n\t<meta property=\"og:image:width\" content=\"1200\" \/>\n\t<meta property=\"og:image:height\" content=\"675\" \/>\n\t<meta property=\"og:image:type\" content=\"image\/png\" \/>\n<meta name=\"twitter:card\" content=\"summary_large_image\" \/>\n<meta name=\"twitter:label1\" content=\"Gesch\u00e4tzte Lesezeit\" \/>\n\t<meta name=\"twitter:data1\" content=\"2\u00a0Minuten\" \/>\n<script type=\"application\/ld+json\" class=\"yoast-schema-graph\">{\"@context\":\"https:\\\/\\\/schema.org\",\"@graph\":[{\"@type\":\"WebPage\",\"@id\":\"https:\\\/\\\/concrefy.com\\\/imprint\\\/\",\"url\":\"https:\\\/\\\/concrefy.com\\\/imprint\\\/\",\"name\":\"Imprint | Concrefy B.V.\",\"isPartOf\":{\"@id\":\"https:\\\/\\\/concrefy.com\\\/#website\"},\"primaryImageOfPage\":{\"@id\":\"https:\\\/\\\/concrefy.com\\\/imprint\\\/#primaryimage\"},\"image\":{\"@id\":\"https:\\\/\\\/concrefy.com\\\/imprint\\\/#primaryimage\"},\"thumbnailUrl\":\"https:\\\/\\\/concrefy.com\\\/wp-content\\\/uploads\\\/2026\\\/02\\\/concrefy-dunkelblau-FI.png\",\"datePublished\":\"2025-06-30T06:28:33+00:00\",\"dateModified\":\"2026-02-16T14:27:03+00:00\",\"description\":\"Legal information and company details of Concrefy B.V., including registered office, contact information and statutory disclosures.\",\"breadcrumb\":{\"@id\":\"https:\\\/\\\/concrefy.com\\\/imprint\\\/#breadcrumb\"},\"inLanguage\":\"de\",\"potentialAction\":[{\"@type\":\"ReadAction\",\"target\":[\"https:\\\/\\\/concrefy.com\\\/imprint\\\/\"]}]},{\"@type\":\"ImageObject\",\"inLanguage\":\"de\",\"@id\":\"https:\\\/\\\/concrefy.com\\\/imprint\\\/#primaryimage\",\"url\":\"https:\\\/\\\/concrefy.com\\\/wp-content\\\/uploads\\\/2026\\\/02\\\/concrefy-dunkelblau-FI.png\",\"contentUrl\":\"https:\\\/\\\/concrefy.com\\\/wp-content\\\/uploads\\\/2026\\\/02\\\/concrefy-dunkelblau-FI.png\",\"width\":1200,\"height\":675},{\"@type\":\"BreadcrumbList\",\"@id\":\"https:\\\/\\\/concrefy.com\\\/imprint\\\/#breadcrumb\",\"itemListElement\":[{\"@type\":\"ListItem\",\"position\":1,\"name\":\"Home\",\"item\":\"https:\\\/\\\/concrefy.com\\\/\"},{\"@type\":\"ListItem\",\"position\":2,\"name\":\"Imprint\"}]},{\"@type\":\"WebSite\",\"@id\":\"https:\\\/\\\/concrefy.com\\\/#website\",\"url\":\"https:\\\/\\\/concrefy.com\\\/\",\"name\":\"Concrefy\",\"description\":\"Concrefy | fresh thinking for construction\",\"publisher\":{\"@id\":\"https:\\\/\\\/concrefy.com\\\/#organization\"},\"potentialAction\":[{\"@type\":\"SearchAction\",\"target\":{\"@type\":\"EntryPoint\",\"urlTemplate\":\"https:\\\/\\\/concrefy.com\\\/?s={search_term_string}\"},\"query-input\":{\"@type\":\"PropertyValueSpecification\",\"valueRequired\":true,\"valueName\":\"search_term_string\"}}],\"inLanguage\":\"de\"},{\"@type\":\"Organization\",\"@id\":\"https:\\\/\\\/concrefy.com\\\/#organization\",\"name\":\"Concrefy\",\"url\":\"https:\\\/\\\/concrefy.com\\\/\",\"logo\":{\"@type\":\"ImageObject\",\"inLanguage\":\"de\",\"@id\":\"https:\\\/\\\/concrefy.com\\\/#\\\/schema\\\/logo\\\/image\\\/\",\"url\":\"https:\\\/\\\/concrefy.com\\\/wp-content\\\/uploads\\\/2025\\\/07\\\/cropped-cropped-concrefy-logo-transparant-1.webp\",\"contentUrl\":\"https:\\\/\\\/concrefy.com\\\/wp-content\\\/uploads\\\/2025\\\/07\\\/cropped-cropped-concrefy-logo-transparant-1.webp\",\"width\":512,\"height\":512,\"caption\":\"Concrefy\"},\"image\":{\"@id\":\"https:\\\/\\\/concrefy.com\\\/#\\\/schema\\\/logo\\\/image\\\/\"},\"sameAs\":[\"https:\\\/\\\/www.linkedin.com\\\/company\\\/b-a-s-research-technology\\\/\"]}]}<\/script>\n<!-- \/ Yoast SEO plugin. -->","yoast_head_json":{"title":"Impressum | Concrefy B.V.","description":"Rechtliche Informationen und Unternehmensdaten von Concrefy B.V., einschlie\u00dflich des eingetragenen Firmensitzes, Kontaktinformationen und gesetzliche Angaben.","robots":{"index":"index","follow":"follow","max-snippet":"max-snippet:-1","max-image-preview":"max-image-preview:large","max-video-preview":"max-video-preview:-1"},"canonical":"https:\/\/concrefy.com\/de\/impressum\/","og_locale":"de_DE","og_type":"article","og_title":"Imprint | Concrefy B.V.","og_description":"Legal information and company details of Concrefy B.V., including registered office, contact information and statutory disclosures.","og_url":"https:\/\/concrefy.com\/de\/impressum\/","og_site_name":"Concrefy","article_modified_time":"2026-02-16T14:27:03+00:00","og_image":[{"width":1200,"height":675,"url":"https:\/\/concrefy.com\/wp-content\/uploads\/2026\/02\/concrefy-dunkelblau-FI.png","type":"image\/png"}],"twitter_card":"summary_large_image","twitter_misc":{"Gesch\u00e4tzte Lesezeit":"2\u00a0Minuten"},"schema":{"@context":"https:\/\/schema.org","@graph":[{"@type":"WebPage","@id":"https:\/\/concrefy.com\/imprint\/","url":"https:\/\/concrefy.com\/imprint\/","name":"Impressum | Concrefy B.V.","isPartOf":{"@id":"https:\/\/concrefy.com\/#website"},"primaryImageOfPage":{"@id":"https:\/\/concrefy.com\/imprint\/#primaryimage"},"image":{"@id":"https:\/\/concrefy.com\/imprint\/#primaryimage"},"thumbnailUrl":"https:\/\/concrefy.com\/wp-content\/uploads\/2026\/02\/concrefy-dunkelblau-FI.png","datePublished":"2025-06-30T06:28:33+00:00","dateModified":"2026-02-16T14:27:03+00:00","description":"Rechtliche Informationen und Unternehmensdaten von Concrefy B.V., einschlie\u00dflich des eingetragenen Firmensitzes, Kontaktinformationen und gesetzliche Angaben.","breadcrumb":{"@id":"https:\/\/concrefy.com\/imprint\/#breadcrumb"},"inLanguage":"de","potentialAction":[{"@type":"ReadAction","target":["https:\/\/concrefy.com\/imprint\/"]}]},{"@type":"ImageObject","inLanguage":"de","@id":"https:\/\/concrefy.com\/imprint\/#primaryimage","url":"https:\/\/concrefy.com\/wp-content\/uploads\/2026\/02\/concrefy-dunkelblau-FI.png","contentUrl":"https:\/\/concrefy.com\/wp-content\/uploads\/2026\/02\/concrefy-dunkelblau-FI.png","width":1200,"height":675},{"@type":"BreadcrumbList","@id":"https:\/\/concrefy.com\/imprint\/#breadcrumb","itemListElement":[{"@type":"ListItem","position":1,"name":"Home","item":"https:\/\/concrefy.com\/"},{"@type":"ListItem","position":2,"name":"Imprint"}]},{"@type":"WebSite","@id":"https:\/\/concrefy.com\/#website","url":"https:\/\/concrefy.com\/","name":"Concrefy","description":"Concrefy | fresh thinking for construction","publisher":{"@id":"https:\/\/concrefy.com\/#organization"},"potentialAction":[{"@type":"SearchAction","target":{"@type":"EntryPoint","urlTemplate":"https:\/\/concrefy.com\/?s={search_term_string}"},"query-input":{"@type":"PropertyValueSpecification","valueRequired":true,"valueName":"search_term_string"}}],"inLanguage":"de"},{"@type":"Organization","@id":"https:\/\/concrefy.com\/#organization","name":"Concrefy","url":"https:\/\/concrefy.com\/","logo":{"@type":"ImageObject","inLanguage":"de","@id":"https:\/\/concrefy.com\/#\/schema\/logo\/image\/","url":"https:\/\/concrefy.com\/wp-content\/uploads\/2025\/07\/cropped-cropped-concrefy-logo-transparant-1.webp","contentUrl":"https:\/\/concrefy.com\/wp-content\/uploads\/2025\/07\/cropped-cropped-concrefy-logo-transparant-1.webp","width":512,"height":512,"caption":"Concrefy"},"image":{"@id":"https:\/\/concrefy.com\/#\/schema\/logo\/image\/"},"sameAs":["https:\/\/www.linkedin.com\/company\/b-a-s-research-technology\/"]}]}},"_links":{"self":[{"href":"https:\/\/concrefy.com\/de\/wp-json\/wp\/v2\/pages\/1309","targetHints":{"allow":["GET"]}}],"collection":[{"href":"https:\/\/concrefy.com\/de\/wp-json\/wp\/v2\/pages"}],"about":[{"href":"https:\/\/concrefy.com\/de\/wp-json\/wp\/v2\/types\/page"}],"author":[{"embeddable":true,"href":"https:\/\/concrefy.com\/de\/wp-json\/wp\/v2\/users\/5"}],"replies":[{"embeddable":true,"href":"https:\/\/concrefy.com\/de\/wp-json\/wp\/v2\/comments?post=1309"}],"version-history":[{"count":28,"href":"https:\/\/concrefy.com\/de\/wp-json\/wp\/v2\/pages\/1309\/revisions"}],"predecessor-version":[{"id":7694,"href":"https:\/\/concrefy.com\/de\/wp-json\/wp\/v2\/pages\/1309\/revisions\/7694"}],"wp:featuredmedia":[{"embeddable":true,"href":"https:\/\/concrefy.com\/de\/wp-json\/wp\/v2\/media\/7688"}],"wp:attachment":[{"href":"https:\/\/concrefy.com\/de\/wp-json\/wp\/v2\/media?parent=1309"}],"curies":[{"name":"wp","href":"https:\/\/api.w.org\/{rel}","templated":true}]}}