{"id":1235,"date":"2025-06-30T05:11:36","date_gmt":"2025-06-30T05:11:36","guid":{"rendered":"https:\/\/62.84.247.78\/~concrefy\/?page_id=1235"},"modified":"2026-02-04T17:25:39","modified_gmt":"2026-02-04T16:25:39","slug":"karriere","status":"publish","type":"page","link":"https:\/\/concrefy.com\/de\/career\/","title":{"rendered":"Karriere"},"content":{"rendered":"<div data-elementor-type=\"wp-page\" data-elementor-id=\"1235\" class=\"elementor elementor-1235\" data-elementor-post-type=\"page\">\n\t\t\t\t<div class=\"elementor-element elementor-element-243b00b4 e-con-full e-flex e-con e-parent\" data-id=\"243b00b4\" data-element_type=\"container\" data-e-type=\"container\" data-settings=\"{&quot;background_background&quot;:&quot;classic&quot;}\">\n\t\t\t\t<\/div>\n\t\t<div class=\"elementor-element elementor-element-22c2c22 e-flex e-con-boxed e-con e-parent\" data-id=\"22c2c22\" data-element_type=\"container\" data-e-type=\"container\">\n\t\t\t\t\t<div class=\"e-con-inner\">\n\t\t\t\t<div class=\"elementor-element elementor-element-ee2e79e elementor-widget__width-initial elementor-widget elementor-widget-heading\" data-id=\"ee2e79e\" data-element_type=\"widget\" data-e-type=\"widget\" data-widget_type=\"heading.default\">\n\t\t\t\t<div class=\"elementor-widget-container\">\n\t\t\t\t\t<h1 class=\"elementor-heading-title elementor-size-default\">Arbeiten bei<br> Concrefy<\/h1>\t\t\t\t<\/div>\n\t\t\t\t<\/div>\n\t\t\t\t<div class=\"elementor-element elementor-element-d52ec1c elementor-widget__width-initial elementor-widget elementor-widget-text-editor\" data-id=\"d52ec1c\" data-element_type=\"widget\" data-e-type=\"widget\" data-widget_type=\"text-editor.default\">\n\t\t\t\t<div class=\"elementor-widget-container\">\n\t\t\t\t\t\t\t\t\t<p data-start=\"929\" data-end=\"1163\">Bei Concrefy arbeiten wir als Team von engagierten Fachleuten mit einem starken Fokus auf Betontechnologie, Laborpr\u00fcfungen und technische Beratung. Unsere Arbeit zeichnet sich durch Kompetenz, Verantwortung und einen hohen Qualit\u00e4tsstandard aus.<\/p><p data-start=\"1165\" data-end=\"1411\">Wir sch\u00e4tzen Menschen, die motiviert sind, ihr technisches Wissen zu vertiefen, genau zu arbeiten und zu zuverl\u00e4ssigen und fundierten L\u00f6sungen f\u00fcr die Bauindustrie beizutragen. Erfahrung, Neugierde und eine professionelle Einstellung sind in unserem Team entscheidend.<\/p>\t\t\t\t\t\t\t\t<\/div>\n\t\t\t\t<\/div>\n\t\t\t\t<div class=\"elementor-element elementor-element-76c868f elementor-widget elementor-widget-text-editor\" data-id=\"76c868f\" data-element_type=\"widget\" data-e-type=\"widget\" data-widget_type=\"text-editor.default\">\n\t\t\t\t<div class=\"elementor-widget-container\">\n\t\t\t\t\t\t\t\t\t<p>Zurzeit sind keine Stellen zu besetzen. Wir freuen uns jedoch \u00fcber Initiativbewerbungen von qualifizierten und motivierten Fachleuten, die glauben, dass sie einen Beitrag zu unseren Beratungs- und Labort\u00e4tigkeiten leisten k\u00f6nnen. Bitte senden Sie Ihre Bewerbung an <a class=\"decorated-link cursor-pointer\" href=\"mailto:HR@concrefy.com\" rel=\"noopener\" data-start=\"1657\" data-end=\"1672\">HR@concrefy.com<\/a> oder verfolgen Sie unsere Karriereseite und unsere Social-Media-Kan\u00e4le, um sich \u00fcber zuk\u00fcnftige M\u00f6glichkeiten zu informieren.<\/p>\t\t\t\t\t\t\t\t<\/div>\n\t\t\t\t<\/div>\n\t\t\t\t\t<\/div>\n\t\t\t\t<\/div>\n\t\t<div class=\"elementor-element elementor-element-2ebf681 e-flex e-con-boxed e-con e-parent\" data-id=\"2ebf681\" data-element_type=\"container\" data-e-type=\"container\">\n\t\t\t\t\t<div class=\"e-con-inner\">\n\t\t<div class=\"elementor-element elementor-element-7cbae34 e-con-full e-flex e-con e-child\" data-id=\"7cbae34\" data-element_type=\"container\" data-e-type=\"container\">\n\t\t\t\t<div class=\"elementor-element elementor-element-06fd368 elementor-widget-mobile__width-initial elementor-widget elementor-widget-image\" data-id=\"06fd368\" data-element_type=\"widget\" data-e-type=\"widget\" data-widget_type=\"image.default\">\n\t\t\t\t<div class=\"elementor-widget-container\">\n\t\t\t\t\t\t\t\t\t\t\t\t\t\t\t<img fetchpriority=\"high\" decoding=\"async\" width=\"640\" height=\"640\" src=\"https:\/\/concrefy.com\/wp-content\/uploads\/2025\/06\/Concrefyteam-web.png\" class=\"attachment-large size-large wp-image-1243\" alt=\"\" srcset=\"https:\/\/concrefy.com\/wp-content\/uploads\/2025\/06\/Concrefyteam-web.png 640w, https:\/\/concrefy.com\/wp-content\/uploads\/2025\/06\/Concrefyteam-web-300x300.png 300w, https:\/\/concrefy.com\/wp-content\/uploads\/2025\/06\/Concrefyteam-web-150x150.png 150w\" sizes=\"(max-width: 640px) 100vw, 640px\" \/>\t\t\t\t\t\t\t\t\t\t\t\t\t\t\t<\/div>\n\t\t\t\t<\/div>\n\t\t\t\t<\/div>\n\t\t<div class=\"elementor-element elementor-element-207f72e e-con-full e-flex e-con e-child\" data-id=\"207f72e\" data-element_type=\"container\" data-e-type=\"container\">\n\t\t\t\t<div class=\"elementor-element elementor-element-32c1cfc elementor-widget elementor-widget-heading\" data-id=\"32c1cfc\" data-element_type=\"widget\" data-e-type=\"widget\" data-widget_type=\"heading.default\">\n\t\t\t\t<div class=\"elementor-widget-container\">\n\t\t\t\t\t<h2 class=\"elementor-heading-title elementor-size-default translation-block\">Entdecken Sie,<br>was wir Ihnen bieten:<\/h2>\t\t\t\t<\/div>\n\t\t\t\t<\/div>\n\t\t\t\t<div class=\"elementor-element elementor-element-f8f2c43 elementor-widget-mobile__width-initial elementor-widget elementor-widget-text-editor\" data-id=\"f8f2c43\" data-element_type=\"widget\" data-e-type=\"widget\" data-widget_type=\"text-editor.default\">\n\t\t\t\t<div class=\"elementor-widget-container\">\n\t\t\t\t\t\t\t\t\t<ul><li><strong>Wachstum und Entwicklung:<\/strong>\u00a0Wir investieren in Ihr pers\u00f6nliches und berufliches Wachstum durch kontinuierliche Weiterbildungsm\u00f6glichkeiten und bieten verschiedene Schulungsprogramme an, um Ihre F\u00e4higkeiten zu verbessern und Ihre Karriere voranzutreiben.<\/li><\/ul>\t\t\t\t\t\t\t\t<\/div>\n\t\t\t\t<\/div>\n\t\t\t\t<div class=\"elementor-element elementor-element-ef919e3 elementor-widget-mobile__width-initial elementor-widget elementor-widget-text-editor\" data-id=\"ef919e3\" data-element_type=\"widget\" data-e-type=\"widget\" data-widget_type=\"text-editor.default\">\n\t\t\t\t<div class=\"elementor-widget-container\">\n\t\t\t\t\t\t\t\t\t<ul><li><strong>Flexible Arbeitszeiten:<\/strong>\u00a0Wir sind uns der Bedeutung einer ausgewogenen Work-Life-Balance bewusst und bieten daher flexible Arbeitszeiten, um Ihre pers\u00f6nlichen Bed\u00fcrfnisse zu ber\u00fccksichtigen.<\/li><\/ul>\t\t\t\t\t\t\t\t<\/div>\n\t\t\t\t<\/div>\n\t\t\t\t<div class=\"elementor-element elementor-element-1ed3d21 elementor-widget-mobile__width-initial elementor-hidden-desktop elementor-hidden-tablet elementor-hidden-mobile elementor-widget elementor-widget-text-editor\" data-id=\"1ed3d21\" data-element_type=\"widget\" data-e-type=\"widget\" data-widget_type=\"text-editor.default\">\n\t\t\t\t<div class=\"elementor-widget-container\">\n\t\t\t\t\t\t\t\t\t<ul><li><strong>Teil einer starken Familie:<\/strong>\u00a0Arbeiten Sie in einem internationalen Konzern mit \u00fcber 11.000 Mitarbeitern in 170 Niederlassungen weltweit, der Ihnen die M\u00f6glichkeit bietet, an globalen Projekten mitzuarbeiten und Ihre Karriere voranzutreiben.<\/li><\/ul>\t\t\t\t\t\t\t\t<\/div>\n\t\t\t\t<\/div>\n\t\t\t\t<\/div>\n\t\t\t\t\t<\/div>\n\t\t\t\t<\/div>\n\t\t<div class=\"elementor-element elementor-element-3472a51 elementor-hidden-desktop elementor-hidden-tablet elementor-hidden-mobile e-flex e-con-boxed e-con e-parent\" data-id=\"3472a51\" data-element_type=\"container\" data-e-type=\"container\">\n\t\t\t\t\t<div class=\"e-con-inner\">\n\t\t\t\t<div class=\"elementor-element elementor-element-9ca487b elementor-hidden-desktop elementor-hidden-tablet elementor-hidden-mobile elementor-widget__width-initial elementor-widget elementor-widget-heading\" data-id=\"9ca487b\" data-element_type=\"widget\" data-e-type=\"widget\" data-widget_type=\"heading.default\">\n\t\t\t\t<div class=\"elementor-widget-container\">\n\t\t\t\t\t<h3 class=\"elementor-heading-title elementor-size-default\">Sind Sie bereit, Ihre Karriere voranzutreiben und etwas zu bewirken?\nEntdecken Sie Ihre Zukunft mit uns!<\/h3>\t\t\t\t<\/div>\n\t\t\t\t<\/div>\n\t\t\t\t\t<\/div>\n\t\t\t\t<\/div>\n\t\t\t\t<\/div>","protected":false},"excerpt":{"rendered":"<p>Werden Sie Teil von Concrefy und arbeiten Sie an Betonprojekten auf der ganzen Welt durch unabh\u00e4ngige Labortests und technische Beratung. Wir legen Wert auf Fachwissen, Verantwortung und Zusammenarbeit.<\/p>","protected":false},"author":5,"featured_media":1243,"parent":0,"menu_order":0,"comment_status":"closed","ping_status":"closed","template":"","meta":{"_acf_changed":false,"inline_featured_image":false,"iawp_total_views":84,"footnotes":""},"class_list":["post-1235","page","type-page","status-publish","has-post-thumbnail","hentry","page_cat-header-1"],"acf":[],"yoast_head":"<!-- This site is optimized with the Yoast SEO plugin v27.5 - https:\/\/yoast.com\/product\/yoast-seo-wordpress\/ -->\n<title>Careers at Concrefy | Independent Concrete Experts<\/title>\n<meta name=\"description\" content=\"Join Concrefy\u2019s team of experts in concrete laboratory testing and technical consultancy. Work on challenging projects worldwide.\" \/>\n<meta name=\"robots\" content=\"index, follow, max-snippet:-1, max-image-preview:large, max-video-preview:-1\" \/>\n<link rel=\"canonical\" href=\"https:\/\/concrefy.com\/de\/karriere\/\" \/>\n<meta property=\"og:locale\" content=\"de_DE\" \/>\n<meta property=\"og:type\" content=\"article\" \/>\n<meta property=\"og:title\" content=\"Careers at Concrefy | Independent Concrete Experts\" \/>\n<meta property=\"og:description\" content=\"Join Concrefy\u2019s team of experts in concrete laboratory testing and technical consultancy. Work on challenging projects worldwide.\" \/>\n<meta property=\"og:url\" content=\"https:\/\/concrefy.com\/de\/karriere\/\" \/>\n<meta property=\"og:site_name\" content=\"Concrefy\" \/>\n<meta property=\"article:modified_time\" content=\"2026-02-04T16:25:39+00:00\" \/>\n<meta property=\"og:image\" content=\"https:\/\/concrefy.com\/wp-content\/uploads\/2025\/06\/Concrefyteam-web.png\" \/>\n\t<meta property=\"og:image:width\" content=\"640\" \/>\n\t<meta property=\"og:image:height\" content=\"640\" \/>\n\t<meta property=\"og:image:type\" content=\"image\/png\" \/>\n<meta name=\"twitter:card\" content=\"summary_large_image\" \/>\n<meta name=\"twitter:label1\" content=\"Gesch\u00e4tzte Lesezeit\" \/>\n\t<meta name=\"twitter:data1\" content=\"2\u00a0Minuten\" \/>\n<script type=\"application\/ld+json\" class=\"yoast-schema-graph\">{\"@context\":\"https:\\\/\\\/schema.org\",\"@graph\":[{\"@type\":\"WebPage\",\"@id\":\"https:\\\/\\\/concrefy.com\\\/career\\\/\",\"url\":\"https:\\\/\\\/concrefy.com\\\/career\\\/\",\"name\":\"Careers at Concrefy | Independent Concrete Experts\",\"isPartOf\":{\"@id\":\"https:\\\/\\\/concrefy.com\\\/#website\"},\"primaryImageOfPage\":{\"@id\":\"https:\\\/\\\/concrefy.com\\\/career\\\/#primaryimage\"},\"image\":{\"@id\":\"https:\\\/\\\/concrefy.com\\\/career\\\/#primaryimage\"},\"thumbnailUrl\":\"https:\\\/\\\/concrefy.com\\\/wp-content\\\/uploads\\\/2025\\\/06\\\/Concrefyteam-web.png\",\"datePublished\":\"2025-06-30T05:11:36+00:00\",\"dateModified\":\"2026-02-04T16:25:39+00:00\",\"description\":\"Join Concrefy\u2019s team of experts in concrete laboratory testing and technical consultancy. Work on challenging projects worldwide.\",\"breadcrumb\":{\"@id\":\"https:\\\/\\\/concrefy.com\\\/career\\\/#breadcrumb\"},\"inLanguage\":\"de\",\"potentialAction\":[{\"@type\":\"ReadAction\",\"target\":[\"https:\\\/\\\/concrefy.com\\\/career\\\/\"]}]},{\"@type\":\"ImageObject\",\"inLanguage\":\"de\",\"@id\":\"https:\\\/\\\/concrefy.com\\\/career\\\/#primaryimage\",\"url\":\"https:\\\/\\\/concrefy.com\\\/wp-content\\\/uploads\\\/2025\\\/06\\\/Concrefyteam-web.png\",\"contentUrl\":\"https:\\\/\\\/concrefy.com\\\/wp-content\\\/uploads\\\/2025\\\/06\\\/Concrefyteam-web.png\",\"width\":640,\"height\":640},{\"@type\":\"BreadcrumbList\",\"@id\":\"https:\\\/\\\/concrefy.com\\\/career\\\/#breadcrumb\",\"itemListElement\":[{\"@type\":\"ListItem\",\"position\":1,\"name\":\"Home\",\"item\":\"https:\\\/\\\/concrefy.com\\\/\"},{\"@type\":\"ListItem\",\"position\":2,\"name\":\"Career\"}]},{\"@type\":\"WebSite\",\"@id\":\"https:\\\/\\\/concrefy.com\\\/#website\",\"url\":\"https:\\\/\\\/concrefy.com\\\/\",\"name\":\"Concrefy\",\"description\":\"Concrefy | fresh thinking for construction\",\"publisher\":{\"@id\":\"https:\\\/\\\/concrefy.com\\\/#organization\"},\"potentialAction\":[{\"@type\":\"SearchAction\",\"target\":{\"@type\":\"EntryPoint\",\"urlTemplate\":\"https:\\\/\\\/concrefy.com\\\/?s={search_term_string}\"},\"query-input\":{\"@type\":\"PropertyValueSpecification\",\"valueRequired\":true,\"valueName\":\"search_term_string\"}}],\"inLanguage\":\"de\"},{\"@type\":\"Organization\",\"@id\":\"https:\\\/\\\/concrefy.com\\\/#organization\",\"name\":\"Concrefy\",\"url\":\"https:\\\/\\\/concrefy.com\\\/\",\"logo\":{\"@type\":\"ImageObject\",\"inLanguage\":\"de\",\"@id\":\"https:\\\/\\\/concrefy.com\\\/#\\\/schema\\\/logo\\\/image\\\/\",\"url\":\"https:\\\/\\\/concrefy.com\\\/wp-content\\\/uploads\\\/2025\\\/07\\\/cropped-cropped-concrefy-logo-transparant-1.webp\",\"contentUrl\":\"https:\\\/\\\/concrefy.com\\\/wp-content\\\/uploads\\\/2025\\\/07\\\/cropped-cropped-concrefy-logo-transparant-1.webp\",\"width\":512,\"height\":512,\"caption\":\"Concrefy\"},\"image\":{\"@id\":\"https:\\\/\\\/concrefy.com\\\/#\\\/schema\\\/logo\\\/image\\\/\"},\"sameAs\":[\"https:\\\/\\\/www.linkedin.com\\\/company\\\/b-a-s-research-technology\\\/\"]}]}<\/script>\n<!-- \/ Yoast SEO plugin. -->","yoast_head_json":{"title":"Karriere bei Concrefy | Unabh\u00e4ngige Betonexperten","description":"Werden Sie Teil des Concrefy-Expertenteams f\u00fcr Betonlaborpr\u00fcfungen und technische Beratung. Arbeiten Sie an anspruchsvollen Projekten weltweit.","robots":{"index":"index","follow":"follow","max-snippet":"max-snippet:-1","max-image-preview":"max-image-preview:large","max-video-preview":"max-video-preview:-1"},"canonical":"https:\/\/concrefy.com\/de\/karriere\/","og_locale":"de_DE","og_type":"article","og_title":"Careers at Concrefy | Independent Concrete Experts","og_description":"Join Concrefy\u2019s team of experts in concrete laboratory testing and technical consultancy. Work on challenging projects worldwide.","og_url":"https:\/\/concrefy.com\/de\/karriere\/","og_site_name":"Concrefy","article_modified_time":"2026-02-04T16:25:39+00:00","og_image":[{"width":640,"height":640,"url":"https:\/\/concrefy.com\/wp-content\/uploads\/2025\/06\/Concrefyteam-web.png","type":"image\/png"}],"twitter_card":"summary_large_image","twitter_misc":{"Gesch\u00e4tzte Lesezeit":"2\u00a0Minuten"},"schema":{"@context":"https:\/\/schema.org","@graph":[{"@type":"WebPage","@id":"https:\/\/concrefy.com\/career\/","url":"https:\/\/concrefy.com\/career\/","name":"Karriere bei Concrefy | Unabh\u00e4ngige Betonexperten","isPartOf":{"@id":"https:\/\/concrefy.com\/#website"},"primaryImageOfPage":{"@id":"https:\/\/concrefy.com\/career\/#primaryimage"},"image":{"@id":"https:\/\/concrefy.com\/career\/#primaryimage"},"thumbnailUrl":"https:\/\/concrefy.com\/wp-content\/uploads\/2025\/06\/Concrefyteam-web.png","datePublished":"2025-06-30T05:11:36+00:00","dateModified":"2026-02-04T16:25:39+00:00","description":"Werden Sie Teil des Concrefy-Expertenteams f\u00fcr Betonlaborpr\u00fcfungen und technische Beratung. Arbeiten Sie an anspruchsvollen Projekten weltweit.","breadcrumb":{"@id":"https:\/\/concrefy.com\/career\/#breadcrumb"},"inLanguage":"de","potentialAction":[{"@type":"ReadAction","target":["https:\/\/concrefy.com\/career\/"]}]},{"@type":"ImageObject","inLanguage":"de","@id":"https:\/\/concrefy.com\/career\/#primaryimage","url":"https:\/\/concrefy.com\/wp-content\/uploads\/2025\/06\/Concrefyteam-web.png","contentUrl":"https:\/\/concrefy.com\/wp-content\/uploads\/2025\/06\/Concrefyteam-web.png","width":640,"height":640},{"@type":"BreadcrumbList","@id":"https:\/\/concrefy.com\/career\/#breadcrumb","itemListElement":[{"@type":"ListItem","position":1,"name":"Home","item":"https:\/\/concrefy.com\/"},{"@type":"ListItem","position":2,"name":"Career"}]},{"@type":"WebSite","@id":"https:\/\/concrefy.com\/#website","url":"https:\/\/concrefy.com\/","name":"Concrefy","description":"Concrefy | fresh thinking for construction","publisher":{"@id":"https:\/\/concrefy.com\/#organization"},"potentialAction":[{"@type":"SearchAction","target":{"@type":"EntryPoint","urlTemplate":"https:\/\/concrefy.com\/?s={search_term_string}"},"query-input":{"@type":"PropertyValueSpecification","valueRequired":true,"valueName":"search_term_string"}}],"inLanguage":"de"},{"@type":"Organization","@id":"https:\/\/concrefy.com\/#organization","name":"Concrefy","url":"https:\/\/concrefy.com\/","logo":{"@type":"ImageObject","inLanguage":"de","@id":"https:\/\/concrefy.com\/#\/schema\/logo\/image\/","url":"https:\/\/concrefy.com\/wp-content\/uploads\/2025\/07\/cropped-cropped-concrefy-logo-transparant-1.webp","contentUrl":"https:\/\/concrefy.com\/wp-content\/uploads\/2025\/07\/cropped-cropped-concrefy-logo-transparant-1.webp","width":512,"height":512,"caption":"Concrefy"},"image":{"@id":"https:\/\/concrefy.com\/#\/schema\/logo\/image\/"},"sameAs":["https:\/\/www.linkedin.com\/company\/b-a-s-research-technology\/"]}]}},"_links":{"self":[{"href":"https:\/\/concrefy.com\/de\/wp-json\/wp\/v2\/pages\/1235","targetHints":{"allow":["GET"]}}],"collection":[{"href":"https:\/\/concrefy.com\/de\/wp-json\/wp\/v2\/pages"}],"about":[{"href":"https:\/\/concrefy.com\/de\/wp-json\/wp\/v2\/types\/page"}],"author":[{"embeddable":true,"href":"https:\/\/concrefy.com\/de\/wp-json\/wp\/v2\/users\/5"}],"replies":[{"embeddable":true,"href":"https:\/\/concrefy.com\/de\/wp-json\/wp\/v2\/comments?post=1235"}],"version-history":[{"count":83,"href":"https:\/\/concrefy.com\/de\/wp-json\/wp\/v2\/pages\/1235\/revisions"}],"predecessor-version":[{"id":7497,"href":"https:\/\/concrefy.com\/de\/wp-json\/wp\/v2\/pages\/1235\/revisions\/7497"}],"wp:featuredmedia":[{"embeddable":true,"href":"https:\/\/concrefy.com\/de\/wp-json\/wp\/v2\/media\/1243"}],"wp:attachment":[{"href":"https:\/\/concrefy.com\/de\/wp-json\/wp\/v2\/media?parent=1235"}],"curies":[{"name":"wp","href":"https:\/\/api.w.org\/{rel}","templated":true}]}}